{"id":20256,"date":"2022-04-21T13:53:18","date_gmt":"2022-04-21T13:53:18","guid":{"rendered":"https:\/\/www.gsbg.gr\/datenschutzerklaerung\/"},"modified":"2025-09-03T10:39:52","modified_gmt":"2025-09-03T10:39:52","slug":"datenschutzerklaerung","status":"publish","type":"page","link":"https:\/\/www.gsbg.gr\/de\/datenschutzerklaerung\/","title":{"rendered":"DATENSCHUTZERKL\u00c4RUNG"},"content":{"rendered":"\n<h4 class=\"wp-block-heading\">DATENSCHUTZBESTIMMUNGEN<\/h4>\n\n\n\n<p><strong>1. SITZ UND UMFANG DER ARBEITEN<br><\/strong>G.S.B.G. MONOPROSOPI S.A. (im Folgenden die &#8220;Gesellschaft&#8221; genannt) hat ihren Sitz in Thessaloniki und ihr Gesch\u00e4ftsgegenstand ist der Import, Export, die Lagerung, die Vertretung und der Gro\u00dfhandel mit allen Arten von in- und ausl\u00e4ndischen Konsumg\u00fctern, wobei sie sich auf die Vermarktung von Eigenmarkenprodukten, Lebensmitteln und anderen Supermarktprodukten spezialisiert.<br><\/p>\n\n\n\n<p><strong>2. RECHTM\u00c4SSIGE VERARBEITUNG VON PERSONENBEZOGENEN DATEN<br><\/strong>Das Unternehmen verwaltet die ihm \u00fcbermittelten personenbezogenen Daten unter Einhaltung der Bestimmungen der Europ\u00e4ischen Verordnung zum Schutz personenbezogener Daten (EU 2016\/679) und der einschl\u00e4gigen griechischen Gesetzgebung mit gr\u00f6\u00dftm\u00f6glicher Sorgfalt und gew\u00e4hrleistet in jedem Fall deren Schutz und Privatsph\u00e4re. Um die Vertraulichkeit und Sicherheit der personenbezogenen Daten zu gew\u00e4hrleisten, hat das Unternehmen alle erforderlichen organisatorischen und technischen Ma\u00dfnahmen ergriffen, indem es interne Sicherheitsrichtlinien aufgestellt hat, geeignete elektronische Mittel verwendet und sein Personal entsprechend informiert und geschult hat. Das Unternehmen verarbeitet personenbezogene Daten auf rechtm\u00e4\u00dfige Weise, da es sie ausschlie\u00dflich f\u00fcr festgelegte, ausdr\u00fcckliche und rechtm\u00e4\u00dfige Zwecke und nur in dem Ma\u00dfe erhebt und verarbeitet, wie es zur Erreichung dieser Zwecke erforderlich ist. Die von ihr gespeicherten Daten werden auf ihre Richtigkeit und Aktualit\u00e4t hin \u00fcberpr\u00fcft, wobei sie die betroffenen Personen, d.h. die nat\u00fcrlichen Personen, auf die sich die Daten beziehen, um ihre Mithilfe bittet, und die Daten werden so lange aufbewahrt, wie es f\u00fcr die Erf\u00fcllung der spezifischen Zwecke erforderlich ist.<\/p>\n\n\n\n<p><strong>3. PERSONENBEZOGENE DATEN, DIE DER VERARBEITUNG UNTERLIEGEN\u0397<br><\/strong> Das Unternehmen sammelt und verarbeitet personenbezogene Daten, d.h. Informationen, die sich auf eine nat\u00fcrliche Person beziehen, die identifiziert wird oder aus diesen Informationen identifiziert werden kann, unabh\u00e4ngig davon, ob die Identifizierung direkt oder indirekt durchgef\u00fchrt werden kann. Als Verarbeitung solcher Daten gilt jeder mit oder ohne Hilfe automatisierter Verfahren ausgef\u00fchrte Vorgang in Bezug auf diese Daten.<\/p>\n\n\n\n<p>Zu den personenbezogenen Daten geh\u00f6ren beispielsweise Informationen wie Name, Wohnanschrift, E-Mail-Adresse oder Telefonnummer. Dar\u00fcber hinaus werden bei einem Besuch der Websites des Unternehmens aus technischen Gr\u00fcnden automatisch weitere Daten erhoben, wie z.B.:<\/p>\n\n\n\n<p>\u2022 <em>IP-Adresse (Internet-Protokoll-Adresse) des Zugangsrechners<\/em><\/p>\n\n\n\n<p>\u2022 <em>Website, von der aus Sie uns besuchen (Empfehlung)<\/em><\/p>\n\n\n\n<p>\u2022 <em>Websites unseres Unternehmens, die von Ihnen besucht werden<\/em><\/p>\n\n\n\n<p>\u2022 <em>Datum und Uhrzeit Ihres Besuchs<\/em><\/p>\n\n\n\n<p>\u2022 <em>Browsertyp und Browsereinstellungen<\/em><\/p>\n\n\n\n<p>\u2022 <em>Das Betriebssystem<\/em><br><\/p>\n\n\n\n<p>Diese technischen Informationen k\u00f6nnen im Einzelfall personenbezogene Daten darstellen. Grunds\u00e4tzlich nutzen wir technische Informationen jedoch nur, soweit dies aus technischen Gr\u00fcnden, zum Betrieb und Schutz unserer Website und Anwendung gegen Angriffe und b\u00f6swillige Nutzung sowie in pseudonymer oder anonymer Form zu statistischen Zwecken erforderlich ist.<\/p>\n\n\n\n<p>F\u00fcr die spezifischeren Zwecke der Verarbeitung personenbezogener Daten, n\u00e4mlich f\u00fcr Informationen \u00fcber Produkte, Dienstleistungen, per E-Mail oder Newsletter, f\u00fcr die Beantwortung von Fragen, die Sie \u00fcber das Kontaktformular an uns richten, sowie f\u00fcr Forschungs- und statistische Zwecke, sammelt und verarbeitet das Unternehmen die folgenden Informationen:<\/p>\n\n\n\n<p><em>\u2022 Name, Vorname \/ Firmenname<\/em><\/p>\n\n\n\n<p><em>\u2022 Kontaktdaten (Kontakttelefonnummer, E-Mail-Adresse)<\/em><\/p>\n\n\n\n<p><em>\u2022 Sonstige personenbezogene Daten, soweit dies zur Erf\u00fcllung der oben genannten Zwecke erforderlich ist<\/em><\/p>\n\n\n\n<p><em>\u2022 Transaktionsverhalten<\/em><\/p>\n\n\n\n<p>Im Rahmen einer Bewerbung f\u00fcr eine Besch\u00e4ftigung verarbeitet das Unternehmen die personenbezogenen Daten, die Sie bei der Einreichung der Bewerbung angeben (wie z. B. Ihren vollst\u00e4ndigen Namen, Ihre Kontakttelefonnummer, Ihre E-Mail-Adresse, die Abteilung, f\u00fcr die Sie sich interessieren), sowie die Daten, die in den der Bewerbung beigef\u00fcgten Unterlagen enthalten sind (Lebenslauf usw.). Die Daten, die Sie dem Unternehmen im Rahmen einer Bewerbung f\u00fcr eine Besch\u00e4ftigung zur Verf\u00fcgung stellen, werden zur Bewertung Ihrer Qualifikationen und F\u00e4higkeiten f\u00fcr eine m\u00f6gliche Zusammenarbeit und f\u00fcr Kommunikationszwecke mit Ihnen in Bezug auf diesen Zweck verwendet. Diese Daten werden sechs Monate lang gespeichert und dann vernichtet.<\/p>\n\n\n\n<p><strong>4. VERWENDUNG VON PERSONENBEZOGENEN DATEN\u0397<br><\/strong> Das Unternehmen erhebt, verarbeitet und nutzt die Sie betreffenden personenbezogenen Daten haupts\u00e4chlich dann, wenn Sie die Websites des Unternehmens besuchen, wenn Sie sich \u00fcber das Kontaktformular an uns wenden oder wenn Sie sich um eine Stelle in unserem Unternehmen bewerben. Die Verarbeitung personenbezogener Daten erfolgt je nach Fall in \u00dcbereinstimmung mit den geltenden Rechtsvorschriften und dieser Datenschutzrichtlinie oder in \u00dcbereinstimmung mit der von Ihnen erteilten Zustimmung. In einigen F\u00e4llen werden die Daten nur in pseudonymer oder anonymer Form verwendet.<\/p>\n\n\n\n<p><em><strong>Zus\u00e4tzliche Informationen<\/strong><br><\/em>Das Unternehmen speichert und verwendet die Sie betreffenden personenbezogenen Daten, wenn Sie telefonisch, per E-Mail oder \u00fcber das von ihm bereitgestellte Kontaktformular Kontakt mit dem Unternehmen aufnehmen oder wenn Sie uns auf andere Weise Informationen zukommen lassen wollen und uns deshalb Ihre Daten zu diesem Zweck \u00fcbermitteln. Dar\u00fcber hinaus speichert und nutzt das Unternehmen personenbezogene Daten und technische Informationen, soweit dies erforderlich ist, um einer b\u00f6swilligen Nutzung oder sonstigen rechtswidrigen Handlungen auf dieser Website vorzubeugen und entgegenzuwirken, z.B. zur Aufrechterhaltung der Datensicherheit im Falle von Angriffen auf die IT-Systeme des Unternehmens. Schlie\u00dflich speichert und verwendet das Unternehmen Ihre Daten, soweit es dazu gesetzlich verpflichtet ist, z.B. aufgrund einer beh\u00f6rdlichen Anordnung oder einer gerichtlichen oder sonstigen beh\u00f6rdlichen Entscheidung, sowie zur Wahrung seiner Rechte und Anspr\u00fcche und f\u00fcr F\u00e4lle der Verteidigung des Unternehmens vor Gericht.<\/p>\n\n\n\n<p><strong>5. DATENSICHERHEIT<br><\/strong>Die Sicherheit Ihrer pers\u00f6nlichen Daten hat f\u00fcr das Unternehmen hohe Priorit\u00e4t. Deshalb sch\u00fctzen wir Ihre bei uns gespeicherten Daten durch technische und organisatorische Ma\u00dfnahmen, um deren Verlust oder Missbrauch durch Dritte wirksam zu verhindern. Insbesondere sind unsere Mitarbeiter, die personenbezogene Daten verarbeiten, zur Vertraulichkeit verpflichtet. Zum Schutz Ihrer pers\u00f6nlichen Daten werden die Daten verschl\u00fcsselt \u00fcbertragen. Um den Schutz Ihrer Daten dauerhaft zu gew\u00e4hrleisten, werden die technischen Sicherheitsma\u00dfnahmen regelm\u00e4\u00dfig \u00fcberpr\u00fcft und gegebenenfalls an den jeweils aktuellen Stand der Technik angepasst.<\/p>\n\n\n\n<p><strong>6. EINWILLIGUNG UND RECHTE DER BETROFFENEN PERSON<br><\/strong>Mit der Annahme der Datenschutzerkl\u00e4rung erkl\u00e4ren Sie sich mit der Verarbeitung der Daten zu den oben genannten Zwecken durch das Unternehmen einverstanden. Sie k\u00f6nnen Ihre Einwilligung jederzeit widerrufen sowie eines Ihrer gesetzlichen Rechte aus\u00fcben, und zwar den Zugang zu Ihren Daten und den Erhalt einer Kopie davon, die Berichtigung unrichtiger Daten, die L\u00f6schung Ihrer Daten oder die Einschr\u00e4nkung ihrer Verarbeitung, die \u00dcbertragbarkeit der Daten in einem strukturierten, g\u00e4ngigen und maschinenlesbaren Format und ihre \u00dcbermittlung an einen anderen f\u00fcr die Verarbeitung Verantwortlichen, den Widerspruch gegen die Vorlage einer Entscheidung, die ausschlie\u00dflich auf der Grundlage einer automatisierten Verarbeitung getroffen wurde, einschlie\u00dflich Profilerstellung \u2013, die Ihnen gegen\u00fcber rechtliche Wirkung entfaltet oder Sie in \u00e4hnlicher Weise erheblich beeintr\u00e4chtigt.<br>Das Unternehmen behandelt Ihre Anfragen mit der gebotenen Sorgfalt, um die Sicherheit Ihrer Daten und den Schutz Ihrer Rechte zu gew\u00e4hrleisten. Aus diesem Grund k\u00f6nnen wir Sie im Falle von Zweifeln \u00fcber die Person, die um die Weitergabe von personenbezogenen Daten ersucht, um zus\u00e4tzliche Informationen bitten, die zur Best\u00e4tigung Ihrer Identit\u00e4t erforderlich sind. Sollte das Unternehmen aufgrund einer gro\u00dfen Zahl gleichartiger Antr\u00e4ge nicht in der Lage sein, Ihrem Antrag sofort stattzugeben, wird es Sie so schnell wie m\u00f6glich, auf jeden Fall aber innerhalb eines Monats nach Einreichung Ihres Antrags, \u00fcber den Stand der Bearbeitung und die Gr\u00fcnde f\u00fcr eine etwaige Verz\u00f6gerung bei der Bearbeitung informieren. Sind Ihre Anfragen offensichtlich unbegr\u00fcndet oder \u00fcbertrieben, insbesondere weil sie sich wiederholen, kann das Unternehmen entweder eine angemessene Geb\u00fchr unter Ber\u00fccksichtigung der Verwaltungskosten f\u00fcr die Bereitstellung der Informationen oder f\u00fcr die \u00dcbermittlung oder Durchf\u00fchrung der angeforderten Ma\u00dfnahme erheben oder die Anfrage ablehnen. Im Falle einer Verletzung Ihrer Daten und wenn eine solche Verletzung Ihre Rechte und Freiheiten in hohem Ma\u00dfe gef\u00e4hrden k\u00f6nnte und sofern sie nicht unter eine der ausdr\u00fccklich gesetzlich vorgesehenen Ausnahmen f\u00e4llt, verpflichtet sich das Unternehmen, Sie unverz\u00fcglich zu informieren.<br>Sie k\u00f6nnen sich jederzeit mit dem Unternehmen in Verbindung setzen, um Ihre Rechte auszu\u00fcben, eine Anfrage zu stellen oder eine Beschwerde einzureichen, und zwar unter der folgenden E-Mail-Adresse:<em> privacy@gsbg.gr<\/em><br>Dar\u00fcber hinaus haben Sie das Recht, bei der zust\u00e4ndigen Datenschutzbeh\u00f6rde eine Beschwerde einzureichen, wenn Sie glauben, dass Ihre Daten verletzt wurden.<\/p>\n\n\n\n<p><strong>7. LINK ZU DEN WEBSITES ANDERER UNTERNEHMEN<br><\/strong>Das Internetangebot des Unternehmens kann Links zu den Websites anderer Unternehmen enthalten. In keinem Fall ist es f\u00fcr die Datenschutzvorkehrungen auf externen Websites verantwortlich, auf die Sie \u00fcber diese Links zugreifen k\u00f6nnen. Bitte informieren Sie sich \u00fcber den Schutz Ihrer Daten auf diesen externen Websites.<\/p>\n\n\n\n<p><strong>8. \u00c4NDERUNGEN AN DIESER DATENSCHUTZRICHTLINIE<br><\/strong>Das Unternehmen beh\u00e4lt sich das Recht vor, die Bestimmungen der Datenschutzpolitik im Einklang mit dem jeweils geltenden Rechtsrahmen zu \u00e4ndern. Daher k\u00f6nnen die Bedingungen dieser Datenschutzrichtlinie jederzeit und ohne Vorank\u00fcndigung \u00fcberarbeitet und aktualisiert werden. Die Nutzer der Website werden gebeten, diese Bedingungen regelm\u00e4\u00dfig auf etwaige \u00c4nderungen zu \u00fcberpr\u00fcfen, da ihre fortgesetzte Nutzung der Website bedeutet, dass sie alle etwaigen \u00c4nderungen dieser Bedingungen akzeptieren. <\/p>\n\n\n\n<p><\/p>\n\n\n\n<hr class=\"wp-block-separator\"\/>\n\n\n\n<pre class=\"wp-block-preformatted\"><em>G\u00fcltig ab 20. Oktober 2021<\/em><\/pre>\n","protected":false},"excerpt":{"rendered":"<p>DATENSCHUTZBESTIMMUNGEN 1. SITZ UND UMFANG DER ARBEITENG.S.B.G. MONOPROSOPI S.A. (im Folgenden die &#8220;Gesellschaft&#8221; genannt) hat ihren Sitz in Thessaloniki und ihr Gesch\u00e4ftsgegenstand ist der Import, Export, die Lagerung, die Vertretung und der Gro\u00dfhandel mit allen Arten von in- und ausl\u00e4ndischen Konsumg\u00fctern, wobei sie sich auf die Vermarktung von Eigenmarkenprodukten, Lebensmitteln und anderen Supermarktprodukten spezialisiert. 2. [&hellip;]<\/p>\n","protected":false},"author":1,"featured_media":0,"parent":0,"menu_order":0,"comment_status":"closed","ping_status":"closed","template":"page-simple.php","meta":{"footnotes":""},"yoast_head":"<!-- This site is optimized with the Yoast SEO plugin v16.8 - https:\/\/yoast.com\/wordpress\/plugins\/seo\/ -->\n<meta name=\"robots\" content=\"index, follow, max-snippet:-1, max-image-preview:large, max-video-preview:-1\" \/>\n<link rel=\"canonical\" href=\"https:\/\/www.gsbg.gr\/de\/datenschutzerklaerung\/\" \/>\n<meta property=\"og:locale\" content=\"de_DE\" \/>\n<meta property=\"og:type\" content=\"article\" \/>\n<meta property=\"og:title\" content=\"DATENSCHUTZERKL\u00c4RUNG - GSBG\" \/>\n<meta property=\"og:description\" content=\"DATENSCHUTZBESTIMMUNGEN 1. SITZ UND UMFANG DER ARBEITENG.S.B.G. MONOPROSOPI S.A. (im Folgenden die &#8220;Gesellschaft&#8221; genannt) hat ihren Sitz in Thessaloniki und ihr Gesch\u00e4ftsgegenstand ist der Import, Export, die Lagerung, die Vertretung und der Gro\u00dfhandel mit allen Arten von in- und ausl\u00e4ndischen Konsumg\u00fctern, wobei sie sich auf die Vermarktung von Eigenmarkenprodukten, Lebensmitteln und anderen Supermarktprodukten spezialisiert. 2. [&hellip;]\" \/>\n<meta property=\"og:url\" content=\"https:\/\/www.gsbg.gr\/de\/datenschutzerklaerung\/\" \/>\n<meta property=\"og:site_name\" content=\"GSBG\" \/>\n<meta property=\"article:modified_time\" content=\"2025-09-03T10:39:52+00:00\" \/>\n<meta name=\"twitter:card\" content=\"summary_large_image\" \/>\n<meta name=\"twitter:label1\" content=\"Est. reading time\" \/>\n\t<meta name=\"twitter:data1\" content=\"6 minutes\" \/>\n<script type=\"application\/ld+json\" class=\"yoast-schema-graph\">{\"@context\":\"https:\/\/schema.org\",\"@graph\":[{\"@type\":\"WebSite\",\"@id\":\"https:\/\/www.gsbg.gr\/#website\",\"url\":\"https:\/\/www.gsbg.gr\/\",\"name\":\"GSBG\",\"description\":\"Global Synergy Buying Group MONOPROSOPI S.A.\",\"potentialAction\":[{\"@type\":\"SearchAction\",\"target\":{\"@type\":\"EntryPoint\",\"urlTemplate\":\"https:\/\/www.gsbg.gr\/?s={search_term_string}\"},\"query-input\":\"required name=search_term_string\"}],\"inLanguage\":\"de-DE\"},{\"@type\":\"WebPage\",\"@id\":\"https:\/\/www.gsbg.gr\/de\/datenschutzerklaerung\/#webpage\",\"url\":\"https:\/\/www.gsbg.gr\/de\/datenschutzerklaerung\/\",\"name\":\"DATENSCHUTZERKL\\u00c4RUNG - GSBG\",\"isPartOf\":{\"@id\":\"https:\/\/www.gsbg.gr\/#website\"},\"datePublished\":\"2022-04-21T13:53:18+00:00\",\"dateModified\":\"2025-09-03T10:39:52+00:00\",\"breadcrumb\":{\"@id\":\"https:\/\/www.gsbg.gr\/de\/datenschutzerklaerung\/#breadcrumb\"},\"inLanguage\":\"de-DE\",\"potentialAction\":[{\"@type\":\"ReadAction\",\"target\":[\"https:\/\/www.gsbg.gr\/de\/datenschutzerklaerung\/\"]}]},{\"@type\":\"BreadcrumbList\",\"@id\":\"https:\/\/www.gsbg.gr\/de\/datenschutzerklaerung\/#breadcrumb\",\"itemListElement\":[{\"@type\":\"ListItem\",\"position\":1,\"name\":\"Home\",\"item\":\"https:\/\/www.gsbg.gr\/de\/\"},{\"@type\":\"ListItem\",\"position\":2,\"name\":\"DATENSCHUTZERKL\\u00c4RUNG\"}]}]}<\/script>\n<!-- \/ Yoast SEO plugin. -->","yoast_head_json":{"robots":{"index":"index","follow":"follow","max-snippet":"max-snippet:-1","max-image-preview":"max-image-preview:large","max-video-preview":"max-video-preview:-1"},"canonical":"https:\/\/www.gsbg.gr\/de\/datenschutzerklaerung\/","og_locale":"de_DE","og_type":"article","og_title":"DATENSCHUTZERKL\u00c4RUNG - GSBG","og_description":"DATENSCHUTZBESTIMMUNGEN 1. SITZ UND UMFANG DER ARBEITENG.S.B.G. MONOPROSOPI S.A. (im Folgenden die &#8220;Gesellschaft&#8221; genannt) hat ihren Sitz in Thessaloniki und ihr Gesch\u00e4ftsgegenstand ist der Import, Export, die Lagerung, die Vertretung und der Gro\u00dfhandel mit allen Arten von in- und ausl\u00e4ndischen Konsumg\u00fctern, wobei sie sich auf die Vermarktung von Eigenmarkenprodukten, Lebensmitteln und anderen Supermarktprodukten spezialisiert. 2. [&hellip;]","og_url":"https:\/\/www.gsbg.gr\/de\/datenschutzerklaerung\/","og_site_name":"GSBG","article_modified_time":"2025-09-03T10:39:52+00:00","twitter_card":"summary_large_image","twitter_misc":{"Est. reading time":"6 minutes"},"schema":{"@context":"https:\/\/schema.org","@graph":[{"@type":"WebSite","@id":"https:\/\/www.gsbg.gr\/#website","url":"https:\/\/www.gsbg.gr\/","name":"GSBG","description":"Global Synergy Buying Group MONOPROSOPI S.A.","potentialAction":[{"@type":"SearchAction","target":{"@type":"EntryPoint","urlTemplate":"https:\/\/www.gsbg.gr\/?s={search_term_string}"},"query-input":"required name=search_term_string"}],"inLanguage":"de-DE"},{"@type":"WebPage","@id":"https:\/\/www.gsbg.gr\/de\/datenschutzerklaerung\/#webpage","url":"https:\/\/www.gsbg.gr\/de\/datenschutzerklaerung\/","name":"DATENSCHUTZERKL\u00c4RUNG - GSBG","isPartOf":{"@id":"https:\/\/www.gsbg.gr\/#website"},"datePublished":"2022-04-21T13:53:18+00:00","dateModified":"2025-09-03T10:39:52+00:00","breadcrumb":{"@id":"https:\/\/www.gsbg.gr\/de\/datenschutzerklaerung\/#breadcrumb"},"inLanguage":"de-DE","potentialAction":[{"@type":"ReadAction","target":["https:\/\/www.gsbg.gr\/de\/datenschutzerklaerung\/"]}]},{"@type":"BreadcrumbList","@id":"https:\/\/www.gsbg.gr\/de\/datenschutzerklaerung\/#breadcrumb","itemListElement":[{"@type":"ListItem","position":1,"name":"Home","item":"https:\/\/www.gsbg.gr\/de\/"},{"@type":"ListItem","position":2,"name":"DATENSCHUTZERKL\u00c4RUNG"}]}]}},"_links":{"self":[{"href":"https:\/\/www.gsbg.gr\/de\/wp-json\/wp\/v2\/pages\/20256"}],"collection":[{"href":"https:\/\/www.gsbg.gr\/de\/wp-json\/wp\/v2\/pages"}],"about":[{"href":"https:\/\/www.gsbg.gr\/de\/wp-json\/wp\/v2\/types\/page"}],"author":[{"embeddable":true,"href":"https:\/\/www.gsbg.gr\/de\/wp-json\/wp\/v2\/users\/1"}],"replies":[{"embeddable":true,"href":"https:\/\/www.gsbg.gr\/de\/wp-json\/wp\/v2\/comments?post=20256"}],"version-history":[{"count":7,"href":"https:\/\/www.gsbg.gr\/de\/wp-json\/wp\/v2\/pages\/20256\/revisions"}],"predecessor-version":[{"id":24532,"href":"https:\/\/www.gsbg.gr\/de\/wp-json\/wp\/v2\/pages\/20256\/revisions\/24532"}],"wp:attachment":[{"href":"https:\/\/www.gsbg.gr\/de\/wp-json\/wp\/v2\/media?parent=20256"}],"curies":[{"name":"wp","href":"https:\/\/api.w.org\/{rel}","templated":true}]}}