{"id":20232,"date":"2022-04-21T11:10:47","date_gmt":"2022-04-21T11:10:47","guid":{"rendered":"https:\/\/www.gsbg.gr\/nutzungsbedingungen\/"},"modified":"2025-09-03T10:42:30","modified_gmt":"2025-09-03T10:42:30","slug":"nutzungsbedingungen","status":"publish","type":"page","link":"https:\/\/www.gsbg.gr\/de\/nutzungsbedingungen\/","title":{"rendered":"NUTZUNGSBEDINGUNGEN"},"content":{"rendered":"\n<p><strong>1<\/strong>. Die folgenden Nutzungsbedingungen der Website stellen die Bedingungen f\u00fcr die Nutzung dieser Website (www.gsbg.gr) dar, die von der GLOBAL SYNERGY BUYING GROUP TRADE-DISTRIBUTION-AGENCIES MONOPROSOPI SOCIETE ANONYME (abgek\u00fcrzt: G.S.B.G. MONOPROSOPI S.A.) (im Folgenden als &#8220;Gesellschaft&#8221; bezeichnet) erstellt wurden und ihr geh\u00f6ren.<\/p>\n\n\n\n<p><strong>2<\/strong>. Die Nutzer dieser Website werden darauf hingewiesen, dass: (a) ein Verweis auf Produkte des Unternehmens auf der Website weder eine Aufforderung noch einen Ratschlag oder eine Aufforderung zur Vornahme einer Handlung mit finanziellem Ergebnis darstellen, noch einen Vorschlag f\u00fcr die Ausarbeitung eines Vertrags oder eine Zusicherung dar\u00fcber darstellen, dass diese Produkte ganz oder teilweise verf\u00fcgbar sind; (b) das Informationsmaterial, das ihnen \u00fcber diese Website zur Verf\u00fcgung gestellt wird, nicht notwendigerweise genau oder aktuell ist und m\u00f6glicherweise zum Zeitpunkt der Ver\u00f6ffentlichung nicht mehr aktuell ist, da es zum Zeitpunkt des Zugriffs m\u00f6glicherweise nicht auf dem neuesten Stand ist oder \u00c4nderungen oder Eingriffe durch Dritte ohne das Wissen oder die Zustimmung des Unternehmens erfahren hat, und (c) die Nutzer gebeten werden und es von ihnen erwartet wird, die Richtigkeit, Vollst\u00e4ndigkeit und Aktualit\u00e4t aller \u00fcber diese Website verf\u00fcgbaren Informationen zu best\u00e4tigen.<\/p>\n\n\n\n<p><strong>3<\/strong>. Die Nutzung dieser Website darf ausschlie\u00dflich zu rechtm\u00e4\u00dfigen Zwecken und in einer Weise erfolgen, die die Nutzung durch Dritte nicht einschr\u00e4nkt oder verhindert. Der Nutzer verpflichtet sich, im Einklang mit dem Gesetz, den guten Sitten und den vorliegenden Nutzungsbedingungen zu handeln und keine Handlungen oder Unterlassungen vorzunehmen, die zu Sch\u00e4den oder Funktionsst\u00f6rungen der Website f\u00fchren oder deren Inhalt ver\u00e4ndern k\u00f6nnten.<\/p>\n\n\n\n<p><strong>4<\/strong>. Das Unternehmen \u00fcbernimmt keine Gew\u00e4hr f\u00fcr die technische Richtigkeit, Verf\u00fcgbarkeit, Unversehrtheit oder Sicherheit der Website, ihrer Nutzung oder des Zugangs zu ihr. Die Nutzer werden aufgefordert und es wird von ihnen erwartet, dass sie auf eigenes Risiko alle erforderlichen Ma\u00dfnahmen zum Schutz der Sicherheit und Integrit\u00e4t ihrer Systeme ergreifen.<\/p>\n\n\n\n<p><strong>5<\/strong>. Der Inhalt der Website unterliegt dem Urheberrecht des Unternehmens, sofern nicht anders angegeben.<br>Ohne vorherige schriftliche Genehmigung des Unternehmens ist es verboten, Elemente des Inhalts dieser Website ganz oder teilweise zu kopieren, zu ver\u00e4ndern, neu zu ver\u00f6ffentlichen, zu reproduzieren oder auf andere Weise zu verwerten, hiervon ausgeschlossen ist ausdr\u00fccklich das einzelne Kopieren, Speichern oder Wiederver\u00f6ffentlichen der genannten Elemente, sofern der Hinweis auf ihre Herkunft von dieser Website erfolgt und diese nicht zu kommerziellen Zwecken verwendet werden.<br>Au\u00dferdem ist es jedem Nutzer untersagt, die Sicherheitseinstellungen, die Architektur oder das Layout der Website zu \u00e4ndern oder zu modifizieren oder in irgendeiner Weise in die Nutzung oder die technischen Spezifikationen der Website einzugreifen.<\/p>\n\n\n\n<p><strong>6<\/strong>. Damit diese Website st\u00f6rungsfrei funktioniert und regelm\u00e4\u00dfig aktualisiert wird, m\u00fcssen in regelm\u00e4\u00dfigen Abst\u00e4nden Wartungsarbeiten durchgef\u00fchrt werden, die die Nutzung dieser Website zum Zeitpunkt der Durchf\u00fchrung dieser Arbeiten m\u00f6glicherweise verhindern. Die Nutzer dieser Website erkennen ausdr\u00fccklich an, dass das Unternehmen keinerlei Verantwortung f\u00fcr die Nichtverf\u00fcgbarkeit dieser Website f\u00fcr die Nutzer aus dem oben genannten Grund und\/oder f\u00fcr die Unterbrechung ihres Betriebs durch das Unternehmen aus einem anderen Grund tr\u00e4gt, ohne dass das Unternehmen verpflichtet ist, die Nutzer dieser Website vorher zu informieren.<\/p>\n\n\n\n<p><strong>7<\/strong>. Eine eventuelle Verbindung dieser Website durch spezielle Links (Verkn\u00fcpfungen, Hyperlinks, Banner usw.) mit einer anderen Website bedeutet nicht, dass das Unternehmen irgendeine Verantwortung f\u00fcr den Inhalt dieser Website und die Qualit\u00e4t der auf ihr pr\u00e4sentierten Produkte oder Dienstleistungen sowie f\u00fcr die auf dieser Website verfolgte Richtlinie zum Schutz personenbezogener Daten \u00fcbernimmt.<\/p>\n\n\n\n<p><strong>8<\/strong>. Unbeschadet besonderer Bestimmungen in diesen Bedingungen ist die Haftung des Unternehmens auf Handlungen oder Unterlassungen des Unternehmens oder seiner Beauftragten im Zusammenhang mit dieser Website aufgrund von Vorsatz oder grober Fahrl\u00e4ssigkeit beschr\u00e4nkt. Die Nutzer dieser Website haften gegen\u00fcber dem Unternehmen f\u00fcr alle Sch\u00e4den, die dem Unternehmen und\/oder Dritten infolge der Nichteinhaltung dieser Bedingungen entstehen.<\/p>\n\n\n\n<p><strong>9<\/strong>. Die vorliegenden Nutzungsbedingungen der Website unterliegen dem griechischen Recht und werden durch dieses erg\u00e4nzt, wobei f\u00fcr die Beilegung von Streitigkeiten ausschlie\u00dflich die Gerichte von Thessaloniki (Griechenland) zust\u00e4ndig sind.<\/p>\n\n\n\n<p><strong>10<\/strong>. F\u00fcr den Schutz personenbezogener Daten und die Verarbeitung personenbezogener Daten im Rahmen dieser Website gelten die besonderen Bestimmungen der geltenden Datenschutzrichtlinie, die auf dieser Website ver\u00f6ffentlicht ist.<\/p>\n\n\n\n<p><strong>11<\/strong>. Die Nutzung der Website setzt die Annahme dieser Bedingungen in ihrer Gesamtheit voraus, einschlie\u00dflich der geltenden Datenschutzbestimmungen. Das Unternehmen kann diese Nutzungsbedingungen, einschlie\u00dflich der vorgenannten Richtlinie, jederzeit \u00e4ndern, und jede \u00c4nderung tritt mit dem Datum ihrer Ver\u00f6ffentlichung auf dieser Website in Kraft.<\/p>\n\n\n\n<p><strong>12<\/strong>. Falls ein Nutzer Fragen zu dieser Website hat oder sich aus irgendeinem Grund mit dem Unternehmen in Verbindung setzen m\u00f6chte, kann er\/sie sich an die folgenden Kontaktdaten wenden: info@gsbg.gr<\/p>\n\n\n\n<br\/><br\/><pre class=\"wp-block-verse\"><em>G\u00fcltig ab 20. Oktober 2021<\/em><\/pre>\n","protected":false},"excerpt":{"rendered":"<p>1. Die folgenden Nutzungsbedingungen der Website stellen die Bedingungen f\u00fcr die Nutzung dieser Website (www.gsbg.gr) dar, die von der GLOBAL SYNERGY BUYING GROUP TRADE-DISTRIBUTION-AGENCIES MONOPROSOPI SOCIETE ANONYME (abgek\u00fcrzt: G.S.B.G. MONOPROSOPI S.A.) (im Folgenden als &#8220;Gesellschaft&#8221; bezeichnet) erstellt wurden und ihr geh\u00f6ren. 2. Die Nutzer dieser Website werden darauf hingewiesen, dass: (a) ein Verweis auf Produkte [&hellip;]<\/p>\n","protected":false},"author":1,"featured_media":0,"parent":0,"menu_order":0,"comment_status":"closed","ping_status":"closed","template":"page-simple.php","meta":{"footnotes":""},"yoast_head":"<!-- This site is optimized with the Yoast SEO plugin v16.8 - https:\/\/yoast.com\/wordpress\/plugins\/seo\/ -->\n<meta name=\"robots\" content=\"index, follow, max-snippet:-1, max-image-preview:large, max-video-preview:-1\" \/>\n<link rel=\"canonical\" href=\"https:\/\/www.gsbg.gr\/de\/nutzungsbedingungen\/\" \/>\n<meta property=\"og:locale\" content=\"de_DE\" \/>\n<meta property=\"og:type\" content=\"article\" \/>\n<meta property=\"og:title\" content=\"NUTZUNGSBEDINGUNGEN - GSBG\" \/>\n<meta property=\"og:description\" content=\"1. Die folgenden Nutzungsbedingungen der Website stellen die Bedingungen f\u00fcr die Nutzung dieser Website (www.gsbg.gr) dar, die von der GLOBAL SYNERGY BUYING GROUP TRADE-DISTRIBUTION-AGENCIES MONOPROSOPI SOCIETE ANONYME (abgek\u00fcrzt: G.S.B.G. MONOPROSOPI S.A.) (im Folgenden als &#8220;Gesellschaft&#8221; bezeichnet) erstellt wurden und ihr geh\u00f6ren. 2. Die Nutzer dieser Website werden darauf hingewiesen, dass: (a) ein Verweis auf Produkte [&hellip;]\" \/>\n<meta property=\"og:url\" content=\"https:\/\/www.gsbg.gr\/de\/nutzungsbedingungen\/\" \/>\n<meta property=\"og:site_name\" content=\"GSBG\" \/>\n<meta property=\"article:modified_time\" content=\"2025-09-03T10:42:30+00:00\" \/>\n<meta name=\"twitter:card\" content=\"summary_large_image\" \/>\n<meta name=\"twitter:label1\" content=\"Est. reading time\" \/>\n\t<meta name=\"twitter:data1\" content=\"4 minutes\" \/>\n<script type=\"application\/ld+json\" class=\"yoast-schema-graph\">{\"@context\":\"https:\/\/schema.org\",\"@graph\":[{\"@type\":\"WebSite\",\"@id\":\"https:\/\/www.gsbg.gr\/#website\",\"url\":\"https:\/\/www.gsbg.gr\/\",\"name\":\"GSBG\",\"description\":\"Global Synergy Buying Group MONOPROSOPI S.A.\",\"potentialAction\":[{\"@type\":\"SearchAction\",\"target\":{\"@type\":\"EntryPoint\",\"urlTemplate\":\"https:\/\/www.gsbg.gr\/?s={search_term_string}\"},\"query-input\":\"required name=search_term_string\"}],\"inLanguage\":\"de-DE\"},{\"@type\":\"WebPage\",\"@id\":\"https:\/\/www.gsbg.gr\/de\/nutzungsbedingungen\/#webpage\",\"url\":\"https:\/\/www.gsbg.gr\/de\/nutzungsbedingungen\/\",\"name\":\"NUTZUNGSBEDINGUNGEN - GSBG\",\"isPartOf\":{\"@id\":\"https:\/\/www.gsbg.gr\/#website\"},\"datePublished\":\"2022-04-21T11:10:47+00:00\",\"dateModified\":\"2025-09-03T10:42:30+00:00\",\"breadcrumb\":{\"@id\":\"https:\/\/www.gsbg.gr\/de\/nutzungsbedingungen\/#breadcrumb\"},\"inLanguage\":\"de-DE\",\"potentialAction\":[{\"@type\":\"ReadAction\",\"target\":[\"https:\/\/www.gsbg.gr\/de\/nutzungsbedingungen\/\"]}]},{\"@type\":\"BreadcrumbList\",\"@id\":\"https:\/\/www.gsbg.gr\/de\/nutzungsbedingungen\/#breadcrumb\",\"itemListElement\":[{\"@type\":\"ListItem\",\"position\":1,\"name\":\"Home\",\"item\":\"https:\/\/www.gsbg.gr\/de\/\"},{\"@type\":\"ListItem\",\"position\":2,\"name\":\"NUTZUNGSBEDINGUNGEN\"}]}]}<\/script>\n<!-- \/ Yoast SEO plugin. -->","yoast_head_json":{"robots":{"index":"index","follow":"follow","max-snippet":"max-snippet:-1","max-image-preview":"max-image-preview:large","max-video-preview":"max-video-preview:-1"},"canonical":"https:\/\/www.gsbg.gr\/de\/nutzungsbedingungen\/","og_locale":"de_DE","og_type":"article","og_title":"NUTZUNGSBEDINGUNGEN - GSBG","og_description":"1. Die folgenden Nutzungsbedingungen der Website stellen die Bedingungen f\u00fcr die Nutzung dieser Website (www.gsbg.gr) dar, die von der GLOBAL SYNERGY BUYING GROUP TRADE-DISTRIBUTION-AGENCIES MONOPROSOPI SOCIETE ANONYME (abgek\u00fcrzt: G.S.B.G. MONOPROSOPI S.A.) (im Folgenden als &#8220;Gesellschaft&#8221; bezeichnet) erstellt wurden und ihr geh\u00f6ren. 2. Die Nutzer dieser Website werden darauf hingewiesen, dass: (a) ein Verweis auf Produkte [&hellip;]","og_url":"https:\/\/www.gsbg.gr\/de\/nutzungsbedingungen\/","og_site_name":"GSBG","article_modified_time":"2025-09-03T10:42:30+00:00","twitter_card":"summary_large_image","twitter_misc":{"Est. reading time":"4 minutes"},"schema":{"@context":"https:\/\/schema.org","@graph":[{"@type":"WebSite","@id":"https:\/\/www.gsbg.gr\/#website","url":"https:\/\/www.gsbg.gr\/","name":"GSBG","description":"Global Synergy Buying Group MONOPROSOPI S.A.","potentialAction":[{"@type":"SearchAction","target":{"@type":"EntryPoint","urlTemplate":"https:\/\/www.gsbg.gr\/?s={search_term_string}"},"query-input":"required name=search_term_string"}],"inLanguage":"de-DE"},{"@type":"WebPage","@id":"https:\/\/www.gsbg.gr\/de\/nutzungsbedingungen\/#webpage","url":"https:\/\/www.gsbg.gr\/de\/nutzungsbedingungen\/","name":"NUTZUNGSBEDINGUNGEN - GSBG","isPartOf":{"@id":"https:\/\/www.gsbg.gr\/#website"},"datePublished":"2022-04-21T11:10:47+00:00","dateModified":"2025-09-03T10:42:30+00:00","breadcrumb":{"@id":"https:\/\/www.gsbg.gr\/de\/nutzungsbedingungen\/#breadcrumb"},"inLanguage":"de-DE","potentialAction":[{"@type":"ReadAction","target":["https:\/\/www.gsbg.gr\/de\/nutzungsbedingungen\/"]}]},{"@type":"BreadcrumbList","@id":"https:\/\/www.gsbg.gr\/de\/nutzungsbedingungen\/#breadcrumb","itemListElement":[{"@type":"ListItem","position":1,"name":"Home","item":"https:\/\/www.gsbg.gr\/de\/"},{"@type":"ListItem","position":2,"name":"NUTZUNGSBEDINGUNGEN"}]}]}},"_links":{"self":[{"href":"https:\/\/www.gsbg.gr\/de\/wp-json\/wp\/v2\/pages\/20232"}],"collection":[{"href":"https:\/\/www.gsbg.gr\/de\/wp-json\/wp\/v2\/pages"}],"about":[{"href":"https:\/\/www.gsbg.gr\/de\/wp-json\/wp\/v2\/types\/page"}],"author":[{"embeddable":true,"href":"https:\/\/www.gsbg.gr\/de\/wp-json\/wp\/v2\/users\/1"}],"replies":[{"embeddable":true,"href":"https:\/\/www.gsbg.gr\/de\/wp-json\/wp\/v2\/comments?post=20232"}],"version-history":[{"count":7,"href":"https:\/\/www.gsbg.gr\/de\/wp-json\/wp\/v2\/pages\/20232\/revisions"}],"predecessor-version":[{"id":24534,"href":"https:\/\/www.gsbg.gr\/de\/wp-json\/wp\/v2\/pages\/20232\/revisions\/24534"}],"wp:attachment":[{"href":"https:\/\/www.gsbg.gr\/de\/wp-json\/wp\/v2\/media?parent=20232"}],"curies":[{"name":"wp","href":"https:\/\/api.w.org\/{rel}","templated":true}]}}