{"id":15698,"date":"2022-02-15T09:31:06","date_gmt":"2022-02-15T09:31:06","guid":{"rendered":"https:\/\/www.gsbg.gr\/vorteile-fuer-die-kunden\/vorteile-fuer-den-anbieter\/"},"modified":"2022-03-02T18:19:17","modified_gmt":"2022-03-02T18:19:17","slug":"vorteile-fur-lieferanten","status":"publish","type":"page","link":"https:\/\/www.gsbg.gr\/de\/vorteile-fuer-die-kunden\/vorteile-fur-lieferanten\/","title":{"rendered":"Vorteile der Lieferanten"},"content":{"rendered":"\n<p>Wenn Sie ein <strong>Lieferant oder Hersteller von Produkten<\/strong> sind, k\u00f6nnen Sie mit GSBG Ihre Produkte direkt an mehreren Verkaufsstellen und mit geringeren Verwaltungskosten vermarkten und so Ihre Rentabilit\u00e4t erheblich steigern.<\/p>\n\n<p>Zusammen mit dem starken Kundenstamm der GSBG, unserem breiten Partnernetz, den gro\u00dfen Lagereinrichtungen der breiten geografischen Abdeckung im Vertrieb und den Beratungsleistungen im B2B-Marketing k\u00f6nnen wir Ihnen folgende Vorteile bieten:<\/p>\n","protected":false},"excerpt":{"rendered":"<p>Wenn Sie ein Lieferant oder Hersteller von Produkten sind, k\u00f6nnen Sie mit GSBG Ihre Produkte direkt an mehreren Verkaufsstellen und mit geringeren Verwaltungskosten vermarkten und so Ihre Rentabilit\u00e4t erheblich steigern. Zusammen mit dem starken Kundenstamm der GSBG, unserem breiten Partnernetz, den gro\u00dfen Lagereinrichtungen der breiten geografischen Abdeckung im Vertrieb und den Beratungsleistungen im B2B-Marketing k\u00f6nnen [&hellip;]<\/p>\n","protected":false},"author":1,"featured_media":0,"parent":15683,"menu_order":0,"comment_status":"closed","ping_status":"closed","template":"","meta":{"footnotes":""},"yoast_head":"<!-- This site is optimized with the Yoast SEO plugin v16.8 - https:\/\/yoast.com\/wordpress\/plugins\/seo\/ -->\n<meta name=\"robots\" content=\"index, follow, max-snippet:-1, max-image-preview:large, max-video-preview:-1\" \/>\n<link rel=\"canonical\" href=\"https:\/\/www.gsbg.gr\/de\/vorteile-fuer-die-kunden\/vorteile-fur-lieferanten\/\" \/>\n<meta property=\"og:locale\" content=\"de_DE\" \/>\n<meta property=\"og:type\" content=\"article\" \/>\n<meta property=\"og:title\" content=\"Vorteile der Lieferanten - GSBG\" \/>\n<meta property=\"og:description\" content=\"Wenn Sie ein Lieferant oder Hersteller von Produkten sind, k\u00f6nnen Sie mit GSBG Ihre Produkte direkt an mehreren Verkaufsstellen und mit geringeren Verwaltungskosten vermarkten und so Ihre Rentabilit\u00e4t erheblich steigern. Zusammen mit dem starken Kundenstamm der GSBG, unserem breiten Partnernetz, den gro\u00dfen Lagereinrichtungen der breiten geografischen Abdeckung im Vertrieb und den Beratungsleistungen im B2B-Marketing k\u00f6nnen [&hellip;]\" \/>\n<meta property=\"og:url\" content=\"https:\/\/www.gsbg.gr\/de\/vorteile-fuer-die-kunden\/vorteile-fur-lieferanten\/\" \/>\n<meta property=\"og:site_name\" content=\"GSBG\" \/>\n<meta property=\"article:modified_time\" content=\"2022-03-02T18:19:17+00:00\" \/>\n<meta name=\"twitter:card\" content=\"summary_large_image\" \/>\n<meta name=\"twitter:label1\" content=\"Est. reading time\" \/>\n\t<meta name=\"twitter:data1\" content=\"1 minute\" \/>\n<script type=\"application\/ld+json\" class=\"yoast-schema-graph\">{\"@context\":\"https:\/\/schema.org\",\"@graph\":[{\"@type\":\"WebSite\",\"@id\":\"https:\/\/www.gsbg.gr\/#website\",\"url\":\"https:\/\/www.gsbg.gr\/\",\"name\":\"GSBG\",\"description\":\"Global Synergy Buying Group MONOPROSOPI S.A.\",\"potentialAction\":[{\"@type\":\"SearchAction\",\"target\":{\"@type\":\"EntryPoint\",\"urlTemplate\":\"https:\/\/www.gsbg.gr\/?s={search_term_string}\"},\"query-input\":\"required name=search_term_string\"}],\"inLanguage\":\"de-DE\"},{\"@type\":\"WebPage\",\"@id\":\"https:\/\/www.gsbg.gr\/de\/vorteile-fuer-die-kunden\/vorteile-fur-lieferanten\/#webpage\",\"url\":\"https:\/\/www.gsbg.gr\/de\/vorteile-fuer-die-kunden\/vorteile-fur-lieferanten\/\",\"name\":\"Vorteile der Lieferanten - GSBG\",\"isPartOf\":{\"@id\":\"https:\/\/www.gsbg.gr\/#website\"},\"datePublished\":\"2022-02-15T09:31:06+00:00\",\"dateModified\":\"2022-03-02T18:19:17+00:00\",\"breadcrumb\":{\"@id\":\"https:\/\/www.gsbg.gr\/de\/vorteile-fuer-die-kunden\/vorteile-fur-lieferanten\/#breadcrumb\"},\"inLanguage\":\"de-DE\",\"potentialAction\":[{\"@type\":\"ReadAction\",\"target\":[\"https:\/\/www.gsbg.gr\/de\/vorteile-fuer-die-kunden\/vorteile-fur-lieferanten\/\"]}]},{\"@type\":\"BreadcrumbList\",\"@id\":\"https:\/\/www.gsbg.gr\/de\/vorteile-fuer-die-kunden\/vorteile-fur-lieferanten\/#breadcrumb\",\"itemListElement\":[{\"@type\":\"ListItem\",\"position\":1,\"name\":\"Home\",\"item\":\"https:\/\/www.gsbg.gr\/de\/\"},{\"@type\":\"ListItem\",\"position\":2,\"name\":\"Vorteile\",\"item\":\"https:\/\/www.gsbg.gr\/de\/vorteile-fuer-die-kunden\/\"},{\"@type\":\"ListItem\",\"position\":3,\"name\":\"Vorteile der Lieferanten\"}]}]}<\/script>\n<!-- \/ Yoast SEO plugin. -->","yoast_head_json":{"robots":{"index":"index","follow":"follow","max-snippet":"max-snippet:-1","max-image-preview":"max-image-preview:large","max-video-preview":"max-video-preview:-1"},"canonical":"https:\/\/www.gsbg.gr\/de\/vorteile-fuer-die-kunden\/vorteile-fur-lieferanten\/","og_locale":"de_DE","og_type":"article","og_title":"Vorteile der Lieferanten - GSBG","og_description":"Wenn Sie ein Lieferant oder Hersteller von Produkten sind, k\u00f6nnen Sie mit GSBG Ihre Produkte direkt an mehreren Verkaufsstellen und mit geringeren Verwaltungskosten vermarkten und so Ihre Rentabilit\u00e4t erheblich steigern. Zusammen mit dem starken Kundenstamm der GSBG, unserem breiten Partnernetz, den gro\u00dfen Lagereinrichtungen der breiten geografischen Abdeckung im Vertrieb und den Beratungsleistungen im B2B-Marketing k\u00f6nnen [&hellip;]","og_url":"https:\/\/www.gsbg.gr\/de\/vorteile-fuer-die-kunden\/vorteile-fur-lieferanten\/","og_site_name":"GSBG","article_modified_time":"2022-03-02T18:19:17+00:00","twitter_card":"summary_large_image","twitter_misc":{"Est. reading time":"1 minute"},"schema":{"@context":"https:\/\/schema.org","@graph":[{"@type":"WebSite","@id":"https:\/\/www.gsbg.gr\/#website","url":"https:\/\/www.gsbg.gr\/","name":"GSBG","description":"Global Synergy Buying Group MONOPROSOPI S.A.","potentialAction":[{"@type":"SearchAction","target":{"@type":"EntryPoint","urlTemplate":"https:\/\/www.gsbg.gr\/?s={search_term_string}"},"query-input":"required name=search_term_string"}],"inLanguage":"de-DE"},{"@type":"WebPage","@id":"https:\/\/www.gsbg.gr\/de\/vorteile-fuer-die-kunden\/vorteile-fur-lieferanten\/#webpage","url":"https:\/\/www.gsbg.gr\/de\/vorteile-fuer-die-kunden\/vorteile-fur-lieferanten\/","name":"Vorteile der Lieferanten - GSBG","isPartOf":{"@id":"https:\/\/www.gsbg.gr\/#website"},"datePublished":"2022-02-15T09:31:06+00:00","dateModified":"2022-03-02T18:19:17+00:00","breadcrumb":{"@id":"https:\/\/www.gsbg.gr\/de\/vorteile-fuer-die-kunden\/vorteile-fur-lieferanten\/#breadcrumb"},"inLanguage":"de-DE","potentialAction":[{"@type":"ReadAction","target":["https:\/\/www.gsbg.gr\/de\/vorteile-fuer-die-kunden\/vorteile-fur-lieferanten\/"]}]},{"@type":"BreadcrumbList","@id":"https:\/\/www.gsbg.gr\/de\/vorteile-fuer-die-kunden\/vorteile-fur-lieferanten\/#breadcrumb","itemListElement":[{"@type":"ListItem","position":1,"name":"Home","item":"https:\/\/www.gsbg.gr\/de\/"},{"@type":"ListItem","position":2,"name":"Vorteile","item":"https:\/\/www.gsbg.gr\/de\/vorteile-fuer-die-kunden\/"},{"@type":"ListItem","position":3,"name":"Vorteile der Lieferanten"}]}]}},"_links":{"self":[{"href":"https:\/\/www.gsbg.gr\/de\/wp-json\/wp\/v2\/pages\/15698"}],"collection":[{"href":"https:\/\/www.gsbg.gr\/de\/wp-json\/wp\/v2\/pages"}],"about":[{"href":"https:\/\/www.gsbg.gr\/de\/wp-json\/wp\/v2\/types\/page"}],"author":[{"embeddable":true,"href":"https:\/\/www.gsbg.gr\/de\/wp-json\/wp\/v2\/users\/1"}],"replies":[{"embeddable":true,"href":"https:\/\/www.gsbg.gr\/de\/wp-json\/wp\/v2\/comments?post=15698"}],"version-history":[{"count":11,"href":"https:\/\/www.gsbg.gr\/de\/wp-json\/wp\/v2\/pages\/15698\/revisions"}],"predecessor-version":[{"id":16177,"href":"https:\/\/www.gsbg.gr\/de\/wp-json\/wp\/v2\/pages\/15698\/revisions\/16177"}],"up":[{"embeddable":true,"href":"https:\/\/www.gsbg.gr\/de\/wp-json\/wp\/v2\/pages\/15683"}],"wp:attachment":[{"href":"https:\/\/www.gsbg.gr\/de\/wp-json\/wp\/v2\/media?parent=15698"}],"curies":[{"name":"wp","href":"https:\/\/api.w.org\/{rel}","templated":true}]}}