{"id":15668,"date":"2022-02-14T15:49:48","date_gmt":"2022-02-14T15:49:48","guid":{"rendered":"https:\/\/www.gsbg.gr\/unsere-dienstleistungen\/qualitaetskontrolle\/"},"modified":"2025-09-03T10:51:04","modified_gmt":"2025-09-03T10:51:04","slug":"qualitaetskontrolle","status":"publish","type":"page","link":"https:\/\/www.gsbg.gr\/de\/unsere-dienstleistungen\/qualitaetskontrolle\/","title":{"rendered":"Qualit\u00e4tskontrolle"},"content":{"rendered":"\n<p>Von der Produktentwicklung bis zur Auslieferung der Produkte an Ihr Unternehmen wendet die GSBG dokumentierte Kontrollverfahren an, um die Qualit\u00e4t und Sicherheit der Produkte zu gew\u00e4hrleisten. Durch unser hauseigenes Pr\u00fcflabor und die externen akkreditierten Analyselabors, mit denen wir zusammenarbeiten, f\u00fchren wir regelm\u00e4\u00dfige Kontrollen durch, um eine hohe Qualit\u00e4t und Sicherheit der Produkte auf allen Stufen der Lieferkette zu gew\u00e4hrleisten.<\/p>\n\n\n\n<p><\/p>\n\n\n\n<p><\/p>\n\n\n\n<div class=\"wp-block-group\"><div class=\"wp-block-group__inner-container is-layout-flow wp-block-group-is-layout-flow\">\n<div class=\"wp-block-columns is-layout-flex wp-container-core-columns-is-layout-1 wp-block-columns-is-layout-flex\">\n<div class=\"wp-block-column is-layout-flow wp-block-column-is-layout-flow\">\r\n<div id=\"textBlock-block_6082aeb9fd454\" class=\"h-100 acf-text-block  textBlock\">\r\n                <div class=\"slim-title mt-4\">1. ORGANOLEPTISCHE UNTERSUCHUNGEN<\/div>\r\n                <div class=\"medium-title \">  <\/div>\r\n                    <div class=\"text mt-4\">Die Tests werden im organoleptischen Pr\u00fcflabor des Unternehmens von einem spezialisierten Team von Pr\u00fcfern durchgef\u00fchrt. Die sensorische Analyse wird durchgef\u00fchrt, um den Wettbewerb zwischen Produkten zu untersuchen, die Produktpr\u00e4ferenzen und die Verbraucherakzeptanz zu analysieren und den Lebenszyklus des Produkts zu bewerten.<\/div>\r\n    <\/div><\/div>\n\n\n\n<div class=\"wp-block-column is-layout-flow wp-block-column-is-layout-flow\">\r\n<div id=\"textBlock-block_6082aebbfd455\" class=\"h-100 acf-text-block  textBlock\">\r\n                <div class=\"slim-title mt-4\">2. PHYSIKALISCH-CHEMISCHE UND MIKROBIOLOGISCHE ANALYSEN<\/div>\r\n                <div class=\"medium-title \"> <\/div>\r\n                    <div class=\"text mt-4\">Durch unsere angeschlossenen akkreditierten Lebensmittelanalyselabors f\u00fchren wir regelm\u00e4\u00dfig Analysen zur Bestimmung mikrobiologischer und physikalisch-chemischer Parameter der Produkte durch.<\/div>\r\n    <\/div><\/div>\n<\/div>\n\n\n\n<div class=\"wp-block-columns is-layout-flex wp-container-core-columns-is-layout-2 wp-block-columns-is-layout-flex\">\n<div class=\"wp-block-column is-layout-flow wp-block-column-is-layout-flow\">\r\n<div id=\"textBlock-block_6082aec0fd456\" class=\"h-100 acf-text-block  textBlock\">\r\n                <div class=\"slim-title mt-4\">3. VERF\u00c4LSCHUNGS- UND AUTHENTIZIT\u00c4TSPR\u00dcFUNG<\/div>\r\n                <div class=\"medium-title \"> <\/div>\r\n                    <div class=\"text mt-4\">Je nach Art der Produkte werden geeignete physikalisch-chemische, molekulare und organoleptische Analysen und Tests ausgew\u00e4hlt, um m\u00f6gliche Verf\u00e4lschungen des Produkts aufzudecken. <\/div>\r\n    <\/div><\/div>\n\n\n\n<div class=\"wp-block-column is-layout-flow wp-block-column-is-layout-flow\">\r\n<div id=\"textBlock-block_6082aec3fd457\" class=\"h-100 acf-text-block  textBlock\">\r\n                <div class=\"slim-title mt-4\">4. ENTWICKLUNG UND KONTROLLE DER PRODUKTKENNZEICHNUNG<\/div>\r\n                <div class=\"medium-title \"> <\/div>\r\n                    <div class=\"text mt-4\">Wir entwickeln die Kennzeichnung unserer Produkte und pr\u00fcfen, ob sie mit den geltenden Rechtsvorschriften des Landes, in dem das Produkt vermarktet wird, \u00fcbereinstimmt.<\/div>\r\n    <\/div><\/div>\n<\/div>\n<\/div><\/div>\n\n\n\r\n<div id=\"textBlock-block_60e585549978b\" class=\"h-100 acf-text-block  textBlock\">\r\n                <div class=\"slim-title mt-4\">5. DOKUMENTATION VON N\u00c4HRWERT- UND GESUNDHEITSBEZOGENEN ANGABEN<\/div>\r\n                <div class=\"medium-title \"> <\/div>\r\n                    <div class=\"text mt-4\">Wir pr\u00fcfen sorgf\u00e4ltig die G\u00fcltigkeit der gesundheits- und n\u00e4hrwertbezogenen Angaben zu unseren Produkten, um sicherzustellen, dass die Anforderungen der einschl\u00e4gigen Rechtsvorschriften des Landes, in dem das Produkt vermarktet wird, erf\u00fcllt sind. <\/div>\r\n    <\/div>\n\n\n<p><\/p>\n\n\n\n<h6 class=\"has-text-align-left wp-block-heading\">Das Qualit\u00e4ts- und Lebensmittelsicherheitsmanagementsystem der GSBG ist nach den internationalen Standards BRC Agents &amp; Brokers, IFS Broker und ISO 9001 zertifiziert.<\/h6>\n\n\n\n<p><\/p>\n","protected":false},"excerpt":{"rendered":"<p>Von der Produktentwicklung bis zur Auslieferung der Produkte an Ihr Unternehmen wendet die GSBG dokumentierte Kontrollverfahren an, um die Qualit\u00e4t und Sicherheit der Produkte zu gew\u00e4hrleisten. Durch unser hauseigenes Pr\u00fcflabor und die externen akkreditierten Analyselabors, mit denen wir zusammenarbeiten, f\u00fchren wir regelm\u00e4\u00dfige Kontrollen durch, um eine hohe Qualit\u00e4t und Sicherheit der Produkte auf allen Stufen [&hellip;]<\/p>\n","protected":false},"author":1,"featured_media":0,"parent":15634,"menu_order":4,"comment_status":"closed","ping_status":"closed","template":"","meta":{"footnotes":""},"yoast_head":"<!-- This site is optimized with the Yoast SEO plugin v16.8 - https:\/\/yoast.com\/wordpress\/plugins\/seo\/ -->\n<meta name=\"robots\" content=\"index, follow, max-snippet:-1, max-image-preview:large, max-video-preview:-1\" \/>\n<link rel=\"canonical\" href=\"https:\/\/www.gsbg.gr\/de\/unsere-dienstleistungen\/qualitaetskontrolle\/\" \/>\n<meta property=\"og:locale\" content=\"de_DE\" \/>\n<meta property=\"og:type\" content=\"article\" \/>\n<meta property=\"og:title\" content=\"Qualit\u00e4tskontrolle - GSBG\" \/>\n<meta property=\"og:description\" content=\"Von der Produktentwicklung bis zur Auslieferung der Produkte an Ihr Unternehmen wendet die GSBG dokumentierte Kontrollverfahren an, um die Qualit\u00e4t und Sicherheit der Produkte zu gew\u00e4hrleisten. Durch unser hauseigenes Pr\u00fcflabor und die externen akkreditierten Analyselabors, mit denen wir zusammenarbeiten, f\u00fchren wir regelm\u00e4\u00dfige Kontrollen durch, um eine hohe Qualit\u00e4t und Sicherheit der Produkte auf allen Stufen [&hellip;]\" \/>\n<meta property=\"og:url\" content=\"https:\/\/www.gsbg.gr\/de\/unsere-dienstleistungen\/qualitaetskontrolle\/\" \/>\n<meta property=\"og:site_name\" content=\"GSBG\" \/>\n<meta property=\"article:modified_time\" content=\"2025-09-03T10:51:04+00:00\" \/>\n<meta name=\"twitter:card\" content=\"summary_large_image\" \/>\n<meta name=\"twitter:label1\" content=\"Est. reading time\" \/>\n\t<meta name=\"twitter:data1\" content=\"1 minute\" \/>\n<script type=\"application\/ld+json\" class=\"yoast-schema-graph\">{\"@context\":\"https:\/\/schema.org\",\"@graph\":[{\"@type\":\"WebSite\",\"@id\":\"https:\/\/www.gsbg.gr\/#website\",\"url\":\"https:\/\/www.gsbg.gr\/\",\"name\":\"GSBG\",\"description\":\"Global Synergy Buying Group MONOPROSOPI S.A.\",\"potentialAction\":[{\"@type\":\"SearchAction\",\"target\":{\"@type\":\"EntryPoint\",\"urlTemplate\":\"https:\/\/www.gsbg.gr\/?s={search_term_string}\"},\"query-input\":\"required name=search_term_string\"}],\"inLanguage\":\"de-DE\"},{\"@type\":\"WebPage\",\"@id\":\"https:\/\/www.gsbg.gr\/de\/unsere-dienstleistungen\/qualitaetskontrolle\/#webpage\",\"url\":\"https:\/\/www.gsbg.gr\/de\/unsere-dienstleistungen\/qualitaetskontrolle\/\",\"name\":\"Qualit\\u00e4tskontrolle - GSBG\",\"isPartOf\":{\"@id\":\"https:\/\/www.gsbg.gr\/#website\"},\"datePublished\":\"2022-02-14T15:49:48+00:00\",\"dateModified\":\"2025-09-03T10:51:04+00:00\",\"breadcrumb\":{\"@id\":\"https:\/\/www.gsbg.gr\/de\/unsere-dienstleistungen\/qualitaetskontrolle\/#breadcrumb\"},\"inLanguage\":\"de-DE\",\"potentialAction\":[{\"@type\":\"ReadAction\",\"target\":[\"https:\/\/www.gsbg.gr\/de\/unsere-dienstleistungen\/qualitaetskontrolle\/\"]}]},{\"@type\":\"BreadcrumbList\",\"@id\":\"https:\/\/www.gsbg.gr\/de\/unsere-dienstleistungen\/qualitaetskontrolle\/#breadcrumb\",\"itemListElement\":[{\"@type\":\"ListItem\",\"position\":1,\"name\":\"Home\",\"item\":\"https:\/\/www.gsbg.gr\/de\/\"},{\"@type\":\"ListItem\",\"position\":2,\"name\":\"Unsere Dienstleistungen\",\"item\":\"https:\/\/www.gsbg.gr\/de\/unsere-dienstleistungen\/\"},{\"@type\":\"ListItem\",\"position\":3,\"name\":\"Qualit\\u00e4tskontrolle\"}]}]}<\/script>\n<!-- \/ Yoast SEO plugin. -->","yoast_head_json":{"robots":{"index":"index","follow":"follow","max-snippet":"max-snippet:-1","max-image-preview":"max-image-preview:large","max-video-preview":"max-video-preview:-1"},"canonical":"https:\/\/www.gsbg.gr\/de\/unsere-dienstleistungen\/qualitaetskontrolle\/","og_locale":"de_DE","og_type":"article","og_title":"Qualit\u00e4tskontrolle - GSBG","og_description":"Von der Produktentwicklung bis zur Auslieferung der Produkte an Ihr Unternehmen wendet die GSBG dokumentierte Kontrollverfahren an, um die Qualit\u00e4t und Sicherheit der Produkte zu gew\u00e4hrleisten. Durch unser hauseigenes Pr\u00fcflabor und die externen akkreditierten Analyselabors, mit denen wir zusammenarbeiten, f\u00fchren wir regelm\u00e4\u00dfige Kontrollen durch, um eine hohe Qualit\u00e4t und Sicherheit der Produkte auf allen Stufen [&hellip;]","og_url":"https:\/\/www.gsbg.gr\/de\/unsere-dienstleistungen\/qualitaetskontrolle\/","og_site_name":"GSBG","article_modified_time":"2025-09-03T10:51:04+00:00","twitter_card":"summary_large_image","twitter_misc":{"Est. reading time":"1 minute"},"schema":{"@context":"https:\/\/schema.org","@graph":[{"@type":"WebSite","@id":"https:\/\/www.gsbg.gr\/#website","url":"https:\/\/www.gsbg.gr\/","name":"GSBG","description":"Global Synergy Buying Group MONOPROSOPI S.A.","potentialAction":[{"@type":"SearchAction","target":{"@type":"EntryPoint","urlTemplate":"https:\/\/www.gsbg.gr\/?s={search_term_string}"},"query-input":"required name=search_term_string"}],"inLanguage":"de-DE"},{"@type":"WebPage","@id":"https:\/\/www.gsbg.gr\/de\/unsere-dienstleistungen\/qualitaetskontrolle\/#webpage","url":"https:\/\/www.gsbg.gr\/de\/unsere-dienstleistungen\/qualitaetskontrolle\/","name":"Qualit\u00e4tskontrolle - GSBG","isPartOf":{"@id":"https:\/\/www.gsbg.gr\/#website"},"datePublished":"2022-02-14T15:49:48+00:00","dateModified":"2025-09-03T10:51:04+00:00","breadcrumb":{"@id":"https:\/\/www.gsbg.gr\/de\/unsere-dienstleistungen\/qualitaetskontrolle\/#breadcrumb"},"inLanguage":"de-DE","potentialAction":[{"@type":"ReadAction","target":["https:\/\/www.gsbg.gr\/de\/unsere-dienstleistungen\/qualitaetskontrolle\/"]}]},{"@type":"BreadcrumbList","@id":"https:\/\/www.gsbg.gr\/de\/unsere-dienstleistungen\/qualitaetskontrolle\/#breadcrumb","itemListElement":[{"@type":"ListItem","position":1,"name":"Home","item":"https:\/\/www.gsbg.gr\/de\/"},{"@type":"ListItem","position":2,"name":"Unsere Dienstleistungen","item":"https:\/\/www.gsbg.gr\/de\/unsere-dienstleistungen\/"},{"@type":"ListItem","position":3,"name":"Qualit\u00e4tskontrolle"}]}]}},"_links":{"self":[{"href":"https:\/\/www.gsbg.gr\/de\/wp-json\/wp\/v2\/pages\/15668"}],"collection":[{"href":"https:\/\/www.gsbg.gr\/de\/wp-json\/wp\/v2\/pages"}],"about":[{"href":"https:\/\/www.gsbg.gr\/de\/wp-json\/wp\/v2\/types\/page"}],"author":[{"embeddable":true,"href":"https:\/\/www.gsbg.gr\/de\/wp-json\/wp\/v2\/users\/1"}],"replies":[{"embeddable":true,"href":"https:\/\/www.gsbg.gr\/de\/wp-json\/wp\/v2\/comments?post=15668"}],"version-history":[{"count":10,"href":"https:\/\/www.gsbg.gr\/de\/wp-json\/wp\/v2\/pages\/15668\/revisions"}],"predecessor-version":[{"id":24538,"href":"https:\/\/www.gsbg.gr\/de\/wp-json\/wp\/v2\/pages\/15668\/revisions\/24538"}],"up":[{"embeddable":true,"href":"https:\/\/www.gsbg.gr\/de\/wp-json\/wp\/v2\/pages\/15634"}],"wp:attachment":[{"href":"https:\/\/www.gsbg.gr\/de\/wp-json\/wp\/v2\/media?parent=15668"}],"curies":[{"name":"wp","href":"https:\/\/api.w.org\/{rel}","templated":true}]}}