{"id":15658,"date":"2022-02-14T15:06:12","date_gmt":"2022-02-14T15:06:12","guid":{"rendered":"https:\/\/www.gsbg.gr\/unsere-dienstleistungen\/kaufen-und-verkaufen-von-produkten\/"},"modified":"2025-09-03T10:47:23","modified_gmt":"2025-09-03T10:47:23","slug":"kaufen-und-verkaufen-von-produkten","status":"publish","type":"page","link":"https:\/\/www.gsbg.gr\/de\/unsere-dienstleistungen\/kaufen-und-verkaufen-von-produkten\/","title":{"rendered":"Kauf und Verkauf von Produkten"},"content":{"rendered":"\n<p>Durch das voll funktionsf\u00e4hige Netzwerk, das die GSBG im Laufe der Jahre aufgebaut hat, gelingt es ihr, in- und ausl\u00e4ndische Lieferanten mit in- und ausl\u00e4ndischen H\u00e4ndlern zu verbinden.<\/p>\n\n\n\n<p><br><\/p>\n\n\n\n<h2 class=\"wp-block-heading\">PRODUKTEINKAUF<\/h2>\n\n\n\n<p>Die Einkaufsabteilung der GSBG hat exklusive Partnerschaften mit vielen der <strong>gr\u00f6\u00dften Hersteller<\/strong> von schnelllebigen Konsumg\u00fctern in Europa aufgebaut. Auf diese Weise sind wir in der Lage, unseren Kunden eine <strong>breite Palette<\/strong> von zertifizierten Qualit\u00e4tsprodukten zu <strong>unschlagbaren Preisen<\/strong> anzubieten. Alle unsere Lieferanten wurden nach einem sehr <strong>strengen Bewertungs- und Qualit\u00e4tskontrollverfahren ausgew\u00e4hlt<\/strong>. Deshalb stellen wir sicher, dass die hergestellten Produkte den strengsten Produktions- und Qualit\u00e4tsstandards entsprechen.<\/p>\n\n\n\n<p>Dar\u00fcber hinaus bieten wir unseren Kunden ein <strong>komplettes Dienstleistungspaket<\/strong> an, das von der Marktforschung bis hin zum Transport der Produkte in ganz Griechenland und zu bestimmten Bestimmungsorten im Ausland reicht, immer mit Sicherheit und Schnelligkeit.<\/p>\n\n\n\n<p>Dank der langj\u00e4hrigen Erfahrung unserer F\u00fchrungskr\u00e4fte und unseres umfangreichen und effizienten Partnernetzes sind wir in der Lage, <strong>Entwicklungen und neue Markttrends nicht nur zu beobachten,<\/strong> sondern auch im Voraus zu erkennen. F\u00fcr jeden unserer Kunden k\u00f6nnen wir in Zusammenarbeit mit unseren Lieferanten <strong>ma\u00dfgeschneiderte L\u00f6sungen und Produkte mit exklusiven Rezepturen und Zusammensetzungen<\/strong> entwickeln und anbieten, um seine Wettbewerbsf\u00e4higkeit zu steigern, seine Marktposition auszubauen und damit seine Rentabilit\u00e4t zu erh\u00f6hen.<\/p>\n\n\n\n<div class=\"wp-block-columns is-layout-flex wp-container-core-columns-is-layout-1 wp-block-columns-is-layout-flex\">\n<div class=\"wp-block-column is-layout-flow wp-block-column-is-layout-flow\">\r\n<div id=\"textBlock-block_60a24f27be76e\" class=\"h-100 acf-text-block  textBlock\">\r\n            <div class=\"textblock-icon\"><img decoding=\"async\" class=\"img-fluid\" src=\"https:\/\/www.gsbg.gr\/wp-content\/uploads\/2021\/04\/noun_quality_1968684.svg\"\/><\/div>\r\n                    <div class=\"medium-title mt-4\">Ausgezeichnete Preise und Qualit\u00e4t<\/div>\r\n                    <div class=\"text mt-4\">Erfahrung und Fachwissen und nat\u00fcrlich die modernen Produktionsanlagen mit unseren zuverl\u00e4ssigen Lieferanten sind die Hauptpfeiler unserer Zuverl\u00e4ssigkeit und Flexibilit\u00e4t. S\u00e4ulen, die uns helfen, qualitativ hochwertige Eigenmarkenprodukte zum besten Preis-Leistungs-Verh\u00e4ltnis zu finden, zu entwickeln, zu vermarkten und zu f\u00f6rdern.<\/div>\r\n    <\/div><\/div>\n<\/div>\n\n\n\n<div class=\"wp-block-columns is-layout-flex wp-container-core-columns-is-layout-2 wp-block-columns-is-layout-flex\">\n<div class=\"wp-block-column is-layout-flow wp-block-column-is-layout-flow\">\r\n<div id=\"textBlock-block_60a26302be76f\" class=\"h-100 acf-text-block  textBlock\">\r\n            <div class=\"textblock-icon\"><img decoding=\"async\" class=\"img-fluid\" src=\"https:\/\/www.gsbg.gr\/wp-content\/uploads\/2021\/04\/noun_Safety_1218439-1.svg\"\/><\/div>\r\n                    <div class=\"medium-title mt-4\">Qualit\u00e4ts- und Sicherheitsmanagementsystem<\/div>\r\n                    <div class=\"text mt-4\">Von der Produktentwicklung bis zur Auslieferung der Produkte an Ihr Werk wendet die GSBG dokumentierte Kontrollverfahren an, um die Qualit\u00e4t und Sicherheit der Produkte gem\u00e4\u00df den internationalen Normen BRC A&amp;B, IFS Broker und ISO 9001 zu gew\u00e4hrleisten. Dar\u00fcber hinaus wenden unsere Zulieferer strenge Produktionsverfahren an, die nach den internationalen Standards BRC Food, IFS Food und FSSC 22000 (anerkannt von der Global Food Safety Initiative) zertifiziert sind und somit die Qualit\u00e4t und Sicherheit unserer Produkte gew\u00e4hrleisten.<\/div>\r\n    <\/div><\/div>\n<\/div>\n\n\n\n<div class=\"wp-block-columns is-layout-flex wp-container-core-columns-is-layout-3 wp-block-columns-is-layout-flex\">\n<div class=\"wp-block-column is-layout-flow wp-block-column-is-layout-flow\">\r\n<div id=\"textBlock-block_60a2633dbe770\" class=\"h-100 acf-text-block  textBlock\">\r\n            <div class=\"textblock-icon\"><img decoding=\"async\" class=\"img-fluid\" src=\"https:\/\/www.gsbg.gr\/wp-content\/uploads\/2021\/04\/noun_quality_1968684-1.svg\"\/><\/div>\r\n                    <div class=\"medium-title mt-4\">Starke Kettenglieder in der Lieferkette<\/div>\r\n                    <div class=\"text mt-4\">Die Abteilungen Einkauf und Verkauf bilden die st\u00e4rksten und wichtigsten Glieder der Lieferkette. Eine Kette, die hochwertige, sichere, zertifizierte, gepr\u00fcfte und nat\u00fcrlich preiswerte Produkte anbietet. Produkte, die es schaffen, den Alltag der Verbraucher zu verbessern. F\u00fcr uns bedeutet dies die Erf\u00fcllung unseres Auftrags und nat\u00fcrlich f\u00fcr alle unsere Partner Gewinn und Flexibilit\u00e4t.<\/div>\r\n    <\/div><\/div>\n<\/div>\n\n\n\n<h2 class=\"wp-block-heading\">PRODUKTVERK\u00c4UFE<\/h2>\n\n\n\n<p>Das Team von G.S.B.G. MONOPROSOPI S.A. verf\u00fcgt \u00fcber <strong>langj\u00e4hrige Erfahrung<\/strong> und <strong>absolute Kompetenz<\/strong> im Handel mit schnelllebigen Eigenmarkenprodukten und Private Label (PL) Produkten. Wir arbeiten sehr eng mit unseren Kunden zusammen, um ihre Bed\u00fcrfnisse zu verstehen und <a href=\"https:\/\/www.gsbg.gr\/de\/produkte\/\" target=\"_blank\" rel=\"noreferrer noopener\"><strong> Produkte<\/strong><\/a> zu entwickeln, die ihre Erwartungen erf\u00fcllen und \u00fcbertreffen. Unsere Gr\u00f6\u00dfe, das Volumen unserer Kunden und die flexible Politik, die wir bei unseren lokalen und internationalen Partnerschaften anwenden, versetzen uns in eine sehr starke Verhandlungsposition, die es uns erm\u00f6glicht, unseren Kunden eine <strong>konkurrenzlose Kombination aus qualitativ hochwertigen Produkten zu extrem niedrigen Preisen<\/strong> anzubieten.<\/p>\n\n\n\n<p>Unser engagiertes Vertriebsteam arbeitet in einem flexiblen Rahmen und nutzt Instrumente, die es ihm erm\u00f6glichen, sofort auf die sich st\u00e4ndig \u00e4ndernden Marktbedingungen und die Bed\u00fcrfnisse unserer Kunden zu reagieren und sich anzupassen.<\/p>\n\n\n\n<p>In unserem breit gef\u00e4cherten und st\u00e4ndig wachsenden Sortiment finden Sie schnelllebige Konsumg\u00fcter (FMCGs), Trocken-, K\u00fchl- und Tiefk\u00fchlprodukte mit insgesamt mehr als <strong>1.100 Codes<\/strong>, und wir haben mehr als <strong>500 Private Label Codes<\/strong> f\u00fcr unsere Kunden geschaffen.<\/p>\n\n\n\n<p>Die G.S.B.G. MONOPROSOPI S.A., das gr\u00f6\u00dfte Unternehmen in der Lieferkette von FMCG-Eigenmarkenprodukten, ist auch das erste Unternehmen, das als H\u00e4ndler in Griechenland <strong>nach IFS und BRC zertifiziert<\/strong> wurde.<\/p>\n\n\n\n<p>Unsere Produkte sind in den <strong> gro\u00dfen nationalen Handelsketten<\/strong> erh\u00e4ltlich und werden <strong>sofort und sicher von unseren Lagern zu unserem Vertriebsnetz transportiert,<\/strong> das sich sowohl auf <strong>Griechenland<\/strong> als auch auf <strong>ausgew\u00e4hlte L\u00e4nder<\/strong> im Ausland erstreckt.<\/p>\n","protected":false},"excerpt":{"rendered":"<p>Durch das voll funktionsf\u00e4hige Netzwerk, das die GSBG im Laufe der Jahre aufgebaut hat, gelingt es ihr, in- und ausl\u00e4ndische Lieferanten mit in- und ausl\u00e4ndischen H\u00e4ndlern zu verbinden. PRODUKTEINKAUF Die Einkaufsabteilung der GSBG hat exklusive Partnerschaften mit vielen der gr\u00f6\u00dften Hersteller von schnelllebigen Konsumg\u00fctern in Europa aufgebaut. Auf diese Weise sind wir in der Lage, [&hellip;]<\/p>\n","protected":false},"author":1,"featured_media":0,"parent":15634,"menu_order":1,"comment_status":"closed","ping_status":"closed","template":"","meta":{"footnotes":""},"yoast_head":"<!-- This site is optimized with the Yoast SEO plugin v16.8 - https:\/\/yoast.com\/wordpress\/plugins\/seo\/ -->\n<meta name=\"robots\" content=\"index, follow, max-snippet:-1, max-image-preview:large, max-video-preview:-1\" \/>\n<link rel=\"canonical\" href=\"https:\/\/www.gsbg.gr\/de\/unsere-dienstleistungen\/kaufen-und-verkaufen-von-produkten\/\" \/>\n<meta property=\"og:locale\" content=\"de_DE\" \/>\n<meta property=\"og:type\" content=\"article\" \/>\n<meta property=\"og:title\" content=\"Kauf und Verkauf von Produkten - GSBG\" \/>\n<meta property=\"og:description\" content=\"Durch das voll funktionsf\u00e4hige Netzwerk, das die GSBG im Laufe der Jahre aufgebaut hat, gelingt es ihr, in- und ausl\u00e4ndische Lieferanten mit in- und ausl\u00e4ndischen H\u00e4ndlern zu verbinden. PRODUKTEINKAUF Die Einkaufsabteilung der GSBG hat exklusive Partnerschaften mit vielen der gr\u00f6\u00dften Hersteller von schnelllebigen Konsumg\u00fctern in Europa aufgebaut. Auf diese Weise sind wir in der Lage, [&hellip;]\" \/>\n<meta property=\"og:url\" content=\"https:\/\/www.gsbg.gr\/de\/unsere-dienstleistungen\/kaufen-und-verkaufen-von-produkten\/\" \/>\n<meta property=\"og:site_name\" content=\"GSBG\" \/>\n<meta property=\"article:modified_time\" content=\"2025-09-03T10:47:23+00:00\" \/>\n<meta name=\"twitter:card\" content=\"summary_large_image\" \/>\n<meta name=\"twitter:label1\" content=\"Est. reading time\" \/>\n\t<meta name=\"twitter:data1\" content=\"2 minutes\" \/>\n<script type=\"application\/ld+json\" class=\"yoast-schema-graph\">{\"@context\":\"https:\/\/schema.org\",\"@graph\":[{\"@type\":\"WebSite\",\"@id\":\"https:\/\/www.gsbg.gr\/#website\",\"url\":\"https:\/\/www.gsbg.gr\/\",\"name\":\"GSBG\",\"description\":\"Global Synergy Buying Group MONOPROSOPI S.A.\",\"potentialAction\":[{\"@type\":\"SearchAction\",\"target\":{\"@type\":\"EntryPoint\",\"urlTemplate\":\"https:\/\/www.gsbg.gr\/?s={search_term_string}\"},\"query-input\":\"required name=search_term_string\"}],\"inLanguage\":\"de-DE\"},{\"@type\":\"WebPage\",\"@id\":\"https:\/\/www.gsbg.gr\/de\/unsere-dienstleistungen\/kaufen-und-verkaufen-von-produkten\/#webpage\",\"url\":\"https:\/\/www.gsbg.gr\/de\/unsere-dienstleistungen\/kaufen-und-verkaufen-von-produkten\/\",\"name\":\"Kauf und Verkauf von Produkten - GSBG\",\"isPartOf\":{\"@id\":\"https:\/\/www.gsbg.gr\/#website\"},\"datePublished\":\"2022-02-14T15:06:12+00:00\",\"dateModified\":\"2025-09-03T10:47:23+00:00\",\"breadcrumb\":{\"@id\":\"https:\/\/www.gsbg.gr\/de\/unsere-dienstleistungen\/kaufen-und-verkaufen-von-produkten\/#breadcrumb\"},\"inLanguage\":\"de-DE\",\"potentialAction\":[{\"@type\":\"ReadAction\",\"target\":[\"https:\/\/www.gsbg.gr\/de\/unsere-dienstleistungen\/kaufen-und-verkaufen-von-produkten\/\"]}]},{\"@type\":\"BreadcrumbList\",\"@id\":\"https:\/\/www.gsbg.gr\/de\/unsere-dienstleistungen\/kaufen-und-verkaufen-von-produkten\/#breadcrumb\",\"itemListElement\":[{\"@type\":\"ListItem\",\"position\":1,\"name\":\"Home\",\"item\":\"https:\/\/www.gsbg.gr\/de\/\"},{\"@type\":\"ListItem\",\"position\":2,\"name\":\"Unsere Dienstleistungen\",\"item\":\"https:\/\/www.gsbg.gr\/de\/unsere-dienstleistungen\/\"},{\"@type\":\"ListItem\",\"position\":3,\"name\":\"Kauf und Verkauf von Produkten\"}]}]}<\/script>\n<!-- \/ Yoast SEO plugin. -->","yoast_head_json":{"robots":{"index":"index","follow":"follow","max-snippet":"max-snippet:-1","max-image-preview":"max-image-preview:large","max-video-preview":"max-video-preview:-1"},"canonical":"https:\/\/www.gsbg.gr\/de\/unsere-dienstleistungen\/kaufen-und-verkaufen-von-produkten\/","og_locale":"de_DE","og_type":"article","og_title":"Kauf und Verkauf von Produkten - GSBG","og_description":"Durch das voll funktionsf\u00e4hige Netzwerk, das die GSBG im Laufe der Jahre aufgebaut hat, gelingt es ihr, in- und ausl\u00e4ndische Lieferanten mit in- und ausl\u00e4ndischen H\u00e4ndlern zu verbinden. PRODUKTEINKAUF Die Einkaufsabteilung der GSBG hat exklusive Partnerschaften mit vielen der gr\u00f6\u00dften Hersteller von schnelllebigen Konsumg\u00fctern in Europa aufgebaut. Auf diese Weise sind wir in der Lage, [&hellip;]","og_url":"https:\/\/www.gsbg.gr\/de\/unsere-dienstleistungen\/kaufen-und-verkaufen-von-produkten\/","og_site_name":"GSBG","article_modified_time":"2025-09-03T10:47:23+00:00","twitter_card":"summary_large_image","twitter_misc":{"Est. reading time":"2 minutes"},"schema":{"@context":"https:\/\/schema.org","@graph":[{"@type":"WebSite","@id":"https:\/\/www.gsbg.gr\/#website","url":"https:\/\/www.gsbg.gr\/","name":"GSBG","description":"Global Synergy Buying Group MONOPROSOPI S.A.","potentialAction":[{"@type":"SearchAction","target":{"@type":"EntryPoint","urlTemplate":"https:\/\/www.gsbg.gr\/?s={search_term_string}"},"query-input":"required name=search_term_string"}],"inLanguage":"de-DE"},{"@type":"WebPage","@id":"https:\/\/www.gsbg.gr\/de\/unsere-dienstleistungen\/kaufen-und-verkaufen-von-produkten\/#webpage","url":"https:\/\/www.gsbg.gr\/de\/unsere-dienstleistungen\/kaufen-und-verkaufen-von-produkten\/","name":"Kauf und Verkauf von Produkten - GSBG","isPartOf":{"@id":"https:\/\/www.gsbg.gr\/#website"},"datePublished":"2022-02-14T15:06:12+00:00","dateModified":"2025-09-03T10:47:23+00:00","breadcrumb":{"@id":"https:\/\/www.gsbg.gr\/de\/unsere-dienstleistungen\/kaufen-und-verkaufen-von-produkten\/#breadcrumb"},"inLanguage":"de-DE","potentialAction":[{"@type":"ReadAction","target":["https:\/\/www.gsbg.gr\/de\/unsere-dienstleistungen\/kaufen-und-verkaufen-von-produkten\/"]}]},{"@type":"BreadcrumbList","@id":"https:\/\/www.gsbg.gr\/de\/unsere-dienstleistungen\/kaufen-und-verkaufen-von-produkten\/#breadcrumb","itemListElement":[{"@type":"ListItem","position":1,"name":"Home","item":"https:\/\/www.gsbg.gr\/de\/"},{"@type":"ListItem","position":2,"name":"Unsere Dienstleistungen","item":"https:\/\/www.gsbg.gr\/de\/unsere-dienstleistungen\/"},{"@type":"ListItem","position":3,"name":"Kauf und Verkauf von Produkten"}]}]}},"_links":{"self":[{"href":"https:\/\/www.gsbg.gr\/de\/wp-json\/wp\/v2\/pages\/15658"}],"collection":[{"href":"https:\/\/www.gsbg.gr\/de\/wp-json\/wp\/v2\/pages"}],"about":[{"href":"https:\/\/www.gsbg.gr\/de\/wp-json\/wp\/v2\/types\/page"}],"author":[{"embeddable":true,"href":"https:\/\/www.gsbg.gr\/de\/wp-json\/wp\/v2\/users\/1"}],"replies":[{"embeddable":true,"href":"https:\/\/www.gsbg.gr\/de\/wp-json\/wp\/v2\/comments?post=15658"}],"version-history":[{"count":21,"href":"https:\/\/www.gsbg.gr\/de\/wp-json\/wp\/v2\/pages\/15658\/revisions"}],"predecessor-version":[{"id":24536,"href":"https:\/\/www.gsbg.gr\/de\/wp-json\/wp\/v2\/pages\/15658\/revisions\/24536"}],"up":[{"embeddable":true,"href":"https:\/\/www.gsbg.gr\/de\/wp-json\/wp\/v2\/pages\/15634"}],"wp:attachment":[{"href":"https:\/\/www.gsbg.gr\/de\/wp-json\/wp\/v2\/media?parent=15658"}],"curies":[{"name":"wp","href":"https:\/\/api.w.org\/{rel}","templated":true}]}}