{"id":15645,"date":"2022-02-14T14:48:01","date_gmt":"2022-02-14T14:48:01","guid":{"rendered":"https:\/\/www.gsbg.gr\/unsere-dienstleistungen\/logistik\/"},"modified":"2022-03-02T09:29:03","modified_gmt":"2022-03-02T09:29:03","slug":"logistik","status":"publish","type":"page","link":"https:\/\/www.gsbg.gr\/de\/unsere-dienstleistungen\/logistik\/","title":{"rendered":"Logistik"},"content":{"rendered":"\n<p>Die Global Synergy Buying Group bietet ihren Kunden einen noch schnelleren und hochwertigeren Service und nat\u00fcrlich noch niedrigere Kosten, da es keine weiteren Zwischenh\u00e4ndler gibt.<\/p>\n            <div class=\"offside-slider\"> \r\n                                    <div class=\"slider-item\">\r\n                        <img decoding=\"async\" class=\"img-fluid w-100\" src=\"https:\/\/www.gsbg.gr\/wp-content\/uploads\/2021\/09\/Logistics-warehouse-400x260.png\" alt=\"\" \/>\r\n                    <\/div>\r\n                                    <div class=\"slider-item\">\r\n                        <img decoding=\"async\" class=\"img-fluid w-100\" src=\"https:\/\/www.gsbg.gr\/wp-content\/uploads\/2021\/09\/Logistics-trucks-1-400x260.png\" alt=\"\" \/>\r\n                    <\/div>\r\n                            <\/div>\r\n    \n\n<p><strong><strong>Lagerung<\/strong><\/strong><\/p>\n\n<p>Unsere Produkte werden in modernen, mit allen technischen Mitteln ausgestatteten Lagern gelagert, die hervorragende Bedingungen f\u00fcr alle Temperaturkategorien (Umgebungstemperatur, K\u00fchl-\/Gefriertemperatur) gew\u00e4hrleisten. Die Lagerbedingungen werden durch ein Telematiksystem kontrolliert, so dass jede Abweichung sofort erkannt und korrigiert wird, wodurch das Risiko einer Produktverschlechterung ausgeschlossen wird.<\/p>\n\n<p><strong><strong><strong>Transport &#8211; Vertrieb<\/strong><\/strong><\/strong><\/p>\n\n<p>Wir transportieren unsere Produkte in ganz Griechenland mit modernen Fahrzeugen, die alle Anforderungen des Qualit\u00e4ts- und Sicherheitssystems f\u00fcr Lebensmittel auf der Grundlage der von uns angewandten Normen erf\u00fcllen.<\/p>\n\n<div class=\"wp-block-columns is-layout-flex wp-container-core-columns-is-layout-1 wp-block-columns-is-layout-flex\">\n<div class=\"wp-block-column is-layout-flow wp-block-column-is-layout-flow\">\r\n<div id=\"textBlock-block_6082ab9bd1f11\" class=\"h-100 acf-text-block  textBlock\">\r\n                <div class=\"slim-title mt-4\">IN 24 &#8211; 48 STUNDEN<\/div>\r\n                    <div class=\"text mt-4\">in Attika, Thessaloniki, den Hauptst\u00e4dten der Pr\u00e4fekturen, Gro\u00dfst\u00e4dten und anderen Orten auf dem griechischen Festland.<\/div>\r\n    <\/div><\/div>\n\n\n\n<div class=\"wp-block-column is-layout-flow wp-block-column-is-layout-flow\">\r\n<div id=\"textBlock-block_6082abd6d1f12\" class=\"h-100 acf-text-block  textBlock\">\r\n                <div class=\"slim-title mt-4\">IN 72 STUNDEN <\/div>\r\n                    <div class=\"text mt-4\">durch Partner-Transportunternehmen auf den griechischen Inseln mit allen Sicherheitsma\u00dfnahmen.<\/div>\r\n    <\/div><\/div>\n<\/div>\n\n<p><\/p>\n","protected":false},"excerpt":{"rendered":"<p>Die Global Synergy Buying Group bietet ihren Kunden einen noch schnelleren und hochwertigeren Service und nat\u00fcrlich noch niedrigere Kosten, da es keine weiteren Zwischenh\u00e4ndler gibt. Lagerung Unsere Produkte werden in modernen, mit allen technischen Mitteln ausgestatteten Lagern gelagert, die hervorragende Bedingungen f\u00fcr alle Temperaturkategorien (Umgebungstemperatur, K\u00fchl-\/Gefriertemperatur) gew\u00e4hrleisten. Die Lagerbedingungen werden durch ein Telematiksystem kontrolliert, so [&hellip;]<\/p>\n","protected":false},"author":1,"featured_media":0,"parent":15634,"menu_order":2,"comment_status":"closed","ping_status":"closed","template":"","meta":{"footnotes":""},"yoast_head":"<!-- This site is optimized with the Yoast SEO plugin v16.8 - https:\/\/yoast.com\/wordpress\/plugins\/seo\/ -->\n<meta name=\"robots\" content=\"index, follow, max-snippet:-1, max-image-preview:large, max-video-preview:-1\" \/>\n<link rel=\"canonical\" href=\"https:\/\/www.gsbg.gr\/de\/unsere-dienstleistungen\/logistik\/\" \/>\n<meta property=\"og:locale\" content=\"de_DE\" \/>\n<meta property=\"og:type\" content=\"article\" \/>\n<meta property=\"og:title\" content=\"Logistik - GSBG\" \/>\n<meta property=\"og:description\" content=\"Die Global Synergy Buying Group bietet ihren Kunden einen noch schnelleren und hochwertigeren Service und nat\u00fcrlich noch niedrigere Kosten, da es keine weiteren Zwischenh\u00e4ndler gibt. Lagerung Unsere Produkte werden in modernen, mit allen technischen Mitteln ausgestatteten Lagern gelagert, die hervorragende Bedingungen f\u00fcr alle Temperaturkategorien (Umgebungstemperatur, K\u00fchl-\/Gefriertemperatur) gew\u00e4hrleisten. Die Lagerbedingungen werden durch ein Telematiksystem kontrolliert, so [&hellip;]\" \/>\n<meta property=\"og:url\" content=\"https:\/\/www.gsbg.gr\/de\/unsere-dienstleistungen\/logistik\/\" \/>\n<meta property=\"og:site_name\" content=\"GSBG\" \/>\n<meta property=\"article:modified_time\" content=\"2022-03-02T09:29:03+00:00\" \/>\n<meta name=\"twitter:card\" content=\"summary_large_image\" \/>\n<meta name=\"twitter:label1\" content=\"Est. reading time\" \/>\n\t<meta name=\"twitter:data1\" content=\"1 minute\" \/>\n<script type=\"application\/ld+json\" class=\"yoast-schema-graph\">{\"@context\":\"https:\/\/schema.org\",\"@graph\":[{\"@type\":\"WebSite\",\"@id\":\"https:\/\/www.gsbg.gr\/#website\",\"url\":\"https:\/\/www.gsbg.gr\/\",\"name\":\"GSBG\",\"description\":\"Global Synergy Buying Group MONOPROSOPI S.A.\",\"potentialAction\":[{\"@type\":\"SearchAction\",\"target\":{\"@type\":\"EntryPoint\",\"urlTemplate\":\"https:\/\/www.gsbg.gr\/?s={search_term_string}\"},\"query-input\":\"required name=search_term_string\"}],\"inLanguage\":\"de-DE\"},{\"@type\":\"WebPage\",\"@id\":\"https:\/\/www.gsbg.gr\/de\/unsere-dienstleistungen\/logistik\/#webpage\",\"url\":\"https:\/\/www.gsbg.gr\/de\/unsere-dienstleistungen\/logistik\/\",\"name\":\"Logistik - GSBG\",\"isPartOf\":{\"@id\":\"https:\/\/www.gsbg.gr\/#website\"},\"datePublished\":\"2022-02-14T14:48:01+00:00\",\"dateModified\":\"2022-03-02T09:29:03+00:00\",\"breadcrumb\":{\"@id\":\"https:\/\/www.gsbg.gr\/de\/unsere-dienstleistungen\/logistik\/#breadcrumb\"},\"inLanguage\":\"de-DE\",\"potentialAction\":[{\"@type\":\"ReadAction\",\"target\":[\"https:\/\/www.gsbg.gr\/de\/unsere-dienstleistungen\/logistik\/\"]}]},{\"@type\":\"BreadcrumbList\",\"@id\":\"https:\/\/www.gsbg.gr\/de\/unsere-dienstleistungen\/logistik\/#breadcrumb\",\"itemListElement\":[{\"@type\":\"ListItem\",\"position\":1,\"name\":\"Home\",\"item\":\"https:\/\/www.gsbg.gr\/de\/\"},{\"@type\":\"ListItem\",\"position\":2,\"name\":\"Unsere Dienstleistungen\",\"item\":\"https:\/\/www.gsbg.gr\/de\/unsere-dienstleistungen\/\"},{\"@type\":\"ListItem\",\"position\":3,\"name\":\"Logistik\"}]}]}<\/script>\n<!-- \/ Yoast SEO plugin. -->","yoast_head_json":{"robots":{"index":"index","follow":"follow","max-snippet":"max-snippet:-1","max-image-preview":"max-image-preview:large","max-video-preview":"max-video-preview:-1"},"canonical":"https:\/\/www.gsbg.gr\/de\/unsere-dienstleistungen\/logistik\/","og_locale":"de_DE","og_type":"article","og_title":"Logistik - GSBG","og_description":"Die Global Synergy Buying Group bietet ihren Kunden einen noch schnelleren und hochwertigeren Service und nat\u00fcrlich noch niedrigere Kosten, da es keine weiteren Zwischenh\u00e4ndler gibt. Lagerung Unsere Produkte werden in modernen, mit allen technischen Mitteln ausgestatteten Lagern gelagert, die hervorragende Bedingungen f\u00fcr alle Temperaturkategorien (Umgebungstemperatur, K\u00fchl-\/Gefriertemperatur) gew\u00e4hrleisten. Die Lagerbedingungen werden durch ein Telematiksystem kontrolliert, so [&hellip;]","og_url":"https:\/\/www.gsbg.gr\/de\/unsere-dienstleistungen\/logistik\/","og_site_name":"GSBG","article_modified_time":"2022-03-02T09:29:03+00:00","twitter_card":"summary_large_image","twitter_misc":{"Est. reading time":"1 minute"},"schema":{"@context":"https:\/\/schema.org","@graph":[{"@type":"WebSite","@id":"https:\/\/www.gsbg.gr\/#website","url":"https:\/\/www.gsbg.gr\/","name":"GSBG","description":"Global Synergy Buying Group MONOPROSOPI S.A.","potentialAction":[{"@type":"SearchAction","target":{"@type":"EntryPoint","urlTemplate":"https:\/\/www.gsbg.gr\/?s={search_term_string}"},"query-input":"required name=search_term_string"}],"inLanguage":"de-DE"},{"@type":"WebPage","@id":"https:\/\/www.gsbg.gr\/de\/unsere-dienstleistungen\/logistik\/#webpage","url":"https:\/\/www.gsbg.gr\/de\/unsere-dienstleistungen\/logistik\/","name":"Logistik - GSBG","isPartOf":{"@id":"https:\/\/www.gsbg.gr\/#website"},"datePublished":"2022-02-14T14:48:01+00:00","dateModified":"2022-03-02T09:29:03+00:00","breadcrumb":{"@id":"https:\/\/www.gsbg.gr\/de\/unsere-dienstleistungen\/logistik\/#breadcrumb"},"inLanguage":"de-DE","potentialAction":[{"@type":"ReadAction","target":["https:\/\/www.gsbg.gr\/de\/unsere-dienstleistungen\/logistik\/"]}]},{"@type":"BreadcrumbList","@id":"https:\/\/www.gsbg.gr\/de\/unsere-dienstleistungen\/logistik\/#breadcrumb","itemListElement":[{"@type":"ListItem","position":1,"name":"Home","item":"https:\/\/www.gsbg.gr\/de\/"},{"@type":"ListItem","position":2,"name":"Unsere Dienstleistungen","item":"https:\/\/www.gsbg.gr\/de\/unsere-dienstleistungen\/"},{"@type":"ListItem","position":3,"name":"Logistik"}]}]}},"_links":{"self":[{"href":"https:\/\/www.gsbg.gr\/de\/wp-json\/wp\/v2\/pages\/15645"}],"collection":[{"href":"https:\/\/www.gsbg.gr\/de\/wp-json\/wp\/v2\/pages"}],"about":[{"href":"https:\/\/www.gsbg.gr\/de\/wp-json\/wp\/v2\/types\/page"}],"author":[{"embeddable":true,"href":"https:\/\/www.gsbg.gr\/de\/wp-json\/wp\/v2\/users\/1"}],"replies":[{"embeddable":true,"href":"https:\/\/www.gsbg.gr\/de\/wp-json\/wp\/v2\/comments?post=15645"}],"version-history":[{"count":3,"href":"https:\/\/www.gsbg.gr\/de\/wp-json\/wp\/v2\/pages\/15645\/revisions"}],"predecessor-version":[{"id":15657,"href":"https:\/\/www.gsbg.gr\/de\/wp-json\/wp\/v2\/pages\/15645\/revisions\/15657"}],"up":[{"embeddable":true,"href":"https:\/\/www.gsbg.gr\/de\/wp-json\/wp\/v2\/pages\/15634"}],"wp:attachment":[{"href":"https:\/\/www.gsbg.gr\/de\/wp-json\/wp\/v2\/media?parent=15645"}],"curies":[{"name":"wp","href":"https:\/\/api.w.org\/{rel}","templated":true}]}}