{"id":15637,"date":"2022-02-14T14:42:54","date_gmt":"2022-02-14T14:42:54","guid":{"rendered":"https:\/\/www.gsbg.gr\/unsere-dienstleistungen\/b2b-marketing\/"},"modified":"2022-03-02T16:04:35","modified_gmt":"2022-03-02T16:04:35","slug":"b2b-marketing","status":"publish","type":"page","link":"https:\/\/www.gsbg.gr\/de\/unsere-dienstleistungen\/b2b-marketing\/","title":{"rendered":"B2B-Marketing"},"content":{"rendered":"\n<p>Die von uns angebotenen Marketingdienstleistungen sind:<\/p>\n\n<div class=\"wp-block-columns is-layout-flex wp-container-core-columns-is-layout-1 wp-block-columns-is-layout-flex\">\n<div class=\"wp-block-column is-layout-flow wp-block-column-is-layout-flow\">\r\n<div id=\"textBlock-block_6081c9951f890\" class=\"h-100 acf-text-block  textBlock\">\r\n            <div class=\"textblock-icon\"><img decoding=\"async\" class=\"img-fluid\" src=\"https:\/\/www.gsbg.gr\/wp-content\/uploads\/2021\/04\/Group-16615.svg\"\/><\/div>\r\n                    <div class=\"medium-title mt-4\">Entwurf und Entwicklung neuer Produkte<\/div>\r\n                    <div class=\"text mt-4\">Ausgehend von den Bed\u00fcrfnissen und dem Image eines jeden Kunden kreieren wir die passenden Eigenmarkenprodukte und k\u00fcmmern uns gleichzeitig um die Umsetzung einer kreativen Nomenklatur, einer eindrucksvollen, praktischen Verpackung und nat\u00fcrlich einer Image-Strategie.<\/div>\r\n    <\/div><\/div>\n\n\n\n<div class=\"wp-block-column is-layout-flow wp-block-column-is-layout-flow\">\r\n<div id=\"textBlock-block_6081c9ec1f891\" class=\"h-100 acf-text-block  textBlock\">\r\n            <div class=\"textblock-icon\"><img decoding=\"async\" class=\"img-fluid\" src=\"https:\/\/www.gsbg.gr\/wp-content\/uploads\/2021\/04\/Group-16620.svg\"\/><\/div>\r\n                    <div class=\"medium-title mt-4\">F\u00f6rderung und Werbung f\u00fcr Produkte in den richtigen Medien<\/div>\r\n                    <div class=\"text mt-4\">Mit dem absoluten Fachwissen und der Erfahrung unseres Teams im Handel mit schnelllebigen Eigenmarken und Eigenmarkenprodukten k\u00f6nnen wir bei GSBG alle Ihre Bed\u00fcrfnisse erf\u00fcllen. Im Hinblick auf die Optimierung Ihres Absatzes \u00fcbernehmen wir die Konzeption und Entwicklung neuer Produkte, die Ihnen den gr\u00f6\u00dften Mehrwert zum bestm\u00f6glichen Preis bieten.<\/div>\r\n    <\/div><\/div>\n<\/div>\n","protected":false},"excerpt":{"rendered":"<p>Die von uns angebotenen Marketingdienstleistungen sind:<\/p>\n","protected":false},"author":1,"featured_media":0,"parent":15634,"menu_order":3,"comment_status":"closed","ping_status":"closed","template":"","meta":{"footnotes":""},"yoast_head":"<!-- This site is optimized with the Yoast SEO plugin v16.8 - https:\/\/yoast.com\/wordpress\/plugins\/seo\/ -->\n<meta name=\"robots\" content=\"index, follow, max-snippet:-1, max-image-preview:large, max-video-preview:-1\" \/>\n<link rel=\"canonical\" href=\"https:\/\/www.gsbg.gr\/de\/unsere-dienstleistungen\/b2b-marketing\/\" \/>\n<meta property=\"og:locale\" content=\"de_DE\" \/>\n<meta property=\"og:type\" content=\"article\" \/>\n<meta property=\"og:title\" content=\"B2B-Marketing - GSBG\" \/>\n<meta property=\"og:description\" content=\"Die von uns angebotenen Marketingdienstleistungen sind:\" \/>\n<meta property=\"og:url\" content=\"https:\/\/www.gsbg.gr\/de\/unsere-dienstleistungen\/b2b-marketing\/\" \/>\n<meta property=\"og:site_name\" content=\"GSBG\" \/>\n<meta property=\"article:modified_time\" content=\"2022-03-02T16:04:35+00:00\" \/>\n<meta name=\"twitter:card\" content=\"summary_large_image\" \/>\n<script type=\"application\/ld+json\" class=\"yoast-schema-graph\">{\"@context\":\"https:\/\/schema.org\",\"@graph\":[{\"@type\":\"WebSite\",\"@id\":\"https:\/\/www.gsbg.gr\/#website\",\"url\":\"https:\/\/www.gsbg.gr\/\",\"name\":\"GSBG\",\"description\":\"Global Synergy Buying Group MONOPROSOPI S.A.\",\"potentialAction\":[{\"@type\":\"SearchAction\",\"target\":{\"@type\":\"EntryPoint\",\"urlTemplate\":\"https:\/\/www.gsbg.gr\/?s={search_term_string}\"},\"query-input\":\"required name=search_term_string\"}],\"inLanguage\":\"de-DE\"},{\"@type\":\"WebPage\",\"@id\":\"https:\/\/www.gsbg.gr\/de\/unsere-dienstleistungen\/b2b-marketing\/#webpage\",\"url\":\"https:\/\/www.gsbg.gr\/de\/unsere-dienstleistungen\/b2b-marketing\/\",\"name\":\"B2B-Marketing - GSBG\",\"isPartOf\":{\"@id\":\"https:\/\/www.gsbg.gr\/#website\"},\"datePublished\":\"2022-02-14T14:42:54+00:00\",\"dateModified\":\"2022-03-02T16:04:35+00:00\",\"breadcrumb\":{\"@id\":\"https:\/\/www.gsbg.gr\/de\/unsere-dienstleistungen\/b2b-marketing\/#breadcrumb\"},\"inLanguage\":\"de-DE\",\"potentialAction\":[{\"@type\":\"ReadAction\",\"target\":[\"https:\/\/www.gsbg.gr\/de\/unsere-dienstleistungen\/b2b-marketing\/\"]}]},{\"@type\":\"BreadcrumbList\",\"@id\":\"https:\/\/www.gsbg.gr\/de\/unsere-dienstleistungen\/b2b-marketing\/#breadcrumb\",\"itemListElement\":[{\"@type\":\"ListItem\",\"position\":1,\"name\":\"Home\",\"item\":\"https:\/\/www.gsbg.gr\/de\/\"},{\"@type\":\"ListItem\",\"position\":2,\"name\":\"Unsere Dienstleistungen\",\"item\":\"https:\/\/www.gsbg.gr\/de\/unsere-dienstleistungen\/\"},{\"@type\":\"ListItem\",\"position\":3,\"name\":\"B2B-Marketing\"}]}]}<\/script>\n<!-- \/ Yoast SEO plugin. -->","yoast_head_json":{"robots":{"index":"index","follow":"follow","max-snippet":"max-snippet:-1","max-image-preview":"max-image-preview:large","max-video-preview":"max-video-preview:-1"},"canonical":"https:\/\/www.gsbg.gr\/de\/unsere-dienstleistungen\/b2b-marketing\/","og_locale":"de_DE","og_type":"article","og_title":"B2B-Marketing - GSBG","og_description":"Die von uns angebotenen Marketingdienstleistungen sind:","og_url":"https:\/\/www.gsbg.gr\/de\/unsere-dienstleistungen\/b2b-marketing\/","og_site_name":"GSBG","article_modified_time":"2022-03-02T16:04:35+00:00","twitter_card":"summary_large_image","schema":{"@context":"https:\/\/schema.org","@graph":[{"@type":"WebSite","@id":"https:\/\/www.gsbg.gr\/#website","url":"https:\/\/www.gsbg.gr\/","name":"GSBG","description":"Global Synergy Buying Group MONOPROSOPI S.A.","potentialAction":[{"@type":"SearchAction","target":{"@type":"EntryPoint","urlTemplate":"https:\/\/www.gsbg.gr\/?s={search_term_string}"},"query-input":"required name=search_term_string"}],"inLanguage":"de-DE"},{"@type":"WebPage","@id":"https:\/\/www.gsbg.gr\/de\/unsere-dienstleistungen\/b2b-marketing\/#webpage","url":"https:\/\/www.gsbg.gr\/de\/unsere-dienstleistungen\/b2b-marketing\/","name":"B2B-Marketing - GSBG","isPartOf":{"@id":"https:\/\/www.gsbg.gr\/#website"},"datePublished":"2022-02-14T14:42:54+00:00","dateModified":"2022-03-02T16:04:35+00:00","breadcrumb":{"@id":"https:\/\/www.gsbg.gr\/de\/unsere-dienstleistungen\/b2b-marketing\/#breadcrumb"},"inLanguage":"de-DE","potentialAction":[{"@type":"ReadAction","target":["https:\/\/www.gsbg.gr\/de\/unsere-dienstleistungen\/b2b-marketing\/"]}]},{"@type":"BreadcrumbList","@id":"https:\/\/www.gsbg.gr\/de\/unsere-dienstleistungen\/b2b-marketing\/#breadcrumb","itemListElement":[{"@type":"ListItem","position":1,"name":"Home","item":"https:\/\/www.gsbg.gr\/de\/"},{"@type":"ListItem","position":2,"name":"Unsere Dienstleistungen","item":"https:\/\/www.gsbg.gr\/de\/unsere-dienstleistungen\/"},{"@type":"ListItem","position":3,"name":"B2B-Marketing"}]}]}},"_links":{"self":[{"href":"https:\/\/www.gsbg.gr\/de\/wp-json\/wp\/v2\/pages\/15637"}],"collection":[{"href":"https:\/\/www.gsbg.gr\/de\/wp-json\/wp\/v2\/pages"}],"about":[{"href":"https:\/\/www.gsbg.gr\/de\/wp-json\/wp\/v2\/types\/page"}],"author":[{"embeddable":true,"href":"https:\/\/www.gsbg.gr\/de\/wp-json\/wp\/v2\/users\/1"}],"replies":[{"embeddable":true,"href":"https:\/\/www.gsbg.gr\/de\/wp-json\/wp\/v2\/comments?post=15637"}],"version-history":[{"count":4,"href":"https:\/\/www.gsbg.gr\/de\/wp-json\/wp\/v2\/pages\/15637\/revisions"}],"predecessor-version":[{"id":16157,"href":"https:\/\/www.gsbg.gr\/de\/wp-json\/wp\/v2\/pages\/15637\/revisions\/16157"}],"up":[{"embeddable":true,"href":"https:\/\/www.gsbg.gr\/de\/wp-json\/wp\/v2\/pages\/15634"}],"wp:attachment":[{"href":"https:\/\/www.gsbg.gr\/de\/wp-json\/wp\/v2\/media?parent=15637"}],"curies":[{"name":"wp","href":"https:\/\/api.w.org\/{rel}","templated":true}]}}