{"id":15619,"date":"2022-02-14T13:21:22","date_gmt":"2022-02-14T13:21:22","guid":{"rendered":"https:\/\/www.gsbg.gr\/das-unternehmen\/sozialer-beitrag\/"},"modified":"2022-02-14T14:28:51","modified_gmt":"2022-02-14T14:28:51","slug":"sozialer-beitrag","status":"publish","type":"page","link":"https:\/\/www.gsbg.gr\/de\/das-unternehmen\/sozialer-beitrag\/","title":{"rendered":"Sozialer Beitrag"},"content":{"rendered":"\n<p>Unternehmertum bedeutet, Verantwortung zu \u00fcbernehmen und der Gesellschaft und der Umwelt etwas zur\u00fcckzugeben. Deshalb haben wir uns bei der Global Synergy Buying Group vom ersten Tag an verpflichtet, kontinuierlich umweltfreundliche Gesch\u00e4ftspraktiken umzusetzen.<\/p>\n\n<p>Das Gleiche fordern wir von unserem Partnernetz, um die Umwelt zu sch\u00fctzen und unserer sozialen Verantwortung gegen\u00fcber k\u00fcnftigen Generationen gerecht zu werden.<\/p>\n\n<p><strong>Bei GSBG verpflichten wir uns:<\/strong><\/p>\n\n<div class=\"wp-block-columns is-layout-flex wp-container-core-columns-is-layout-1 wp-block-columns-is-layout-flex\">\n<div class=\"wp-block-column is-layout-flow wp-block-column-is-layout-flow\">\r\n<div id=\"textBlock-block_6082a29ad7607\" class=\"h-100 acf-text-block  textBlock\">\r\n            <div class=\"textblock-icon\"><img decoding=\"async\" class=\"img-fluid\" src=\"https:\/\/www.gsbg.gr\/wp-content\/uploads\/2021\/04\/noun_quality_1968684.svg\"\/><\/div>\r\n                    <div class=\"medium-title mt-4\">Der Qulatit\u00e4tsgarantie<\/div>\r\n                    <div class=\"text mt-4\">Alle Produkte, die wir vertreten, vertreiben und vermarkten, werden gr\u00fcndlich getestet, um sicherzustellen, dass sie den erforderlichen Qualit\u00e4ts- und Sicherheitsstandards entsprechen.<\/div>\r\n    <\/div><\/div>\n\n\n\n<div class=\"wp-block-column is-layout-flow wp-block-column-is-layout-flow\">\r\n<div id=\"textBlock-block_6082a29fd7608\" class=\"h-100 acf-text-block  textBlock\">\r\n            <div class=\"textblock-icon\"><img decoding=\"async\" class=\"img-fluid\" src=\"https:\/\/www.gsbg.gr\/wp-content\/uploads\/2021\/07\/Path-73174-1.svg\"\/><\/div>\r\n                    <div class=\"medium-title mt-4\">Der Energieeinsparung<\/div>\r\n                    <div class=\"text mt-4\">Wir setzen ein integriertes Recyclingsystem ein, das einen entscheidenden Beitrag zur Energieeinsparung, aber auch zur Schaffung eines naturfreundlichen Arbeitsumfelds leistet.<\/div>\r\n    <\/div><\/div>\n<\/div>\n\r\n<div id=\"textBlock-block_60ba35f3083d3\" class=\"h-100 acf-text-block  textBlock\">\r\n            <div class=\"textblock-icon\"><img decoding=\"async\" class=\"img-fluid\" src=\"https:\/\/www.gsbg.gr\/wp-content\/uploads\/2021\/04\/Group-17397.svg\"\/><\/div>\r\n                    <div class=\"medium-title mt-4\">Der gesunden Arbeitsumgebung<\/div>\r\n                    <div class=\"text mt-4\">Unsere Mitarbeiter sind unser wichtigstes Kapital. Deshalb streben wir danach, dass alle unsere Mitarbeiter in einem sicheren und gesunden Umfeld arbeiten und sich gleichzeitig mit unserer Unterst\u00fctzung, Anleitung und Schulung weiterentwickeln k\u00f6nnen. <\/div>\r\n    <\/div>\n<p><\/p>\n\n<p><\/p>\n","protected":false},"excerpt":{"rendered":"<p>Unternehmertum bedeutet, Verantwortung zu \u00fcbernehmen und der Gesellschaft und der Umwelt etwas zur\u00fcckzugeben. Deshalb haben wir uns bei der Global Synergy Buying Group vom ersten Tag an verpflichtet, kontinuierlich umweltfreundliche Gesch\u00e4ftspraktiken umzusetzen. Das Gleiche fordern wir von unserem Partnernetz, um die Umwelt zu sch\u00fctzen und unserer sozialen Verantwortung gegen\u00fcber k\u00fcnftigen Generationen gerecht zu werden. Bei [&hellip;]<\/p>\n","protected":false},"author":1,"featured_media":0,"parent":15579,"menu_order":0,"comment_status":"closed","ping_status":"closed","template":"","meta":{"footnotes":""},"yoast_head":"<!-- This site is optimized with the Yoast SEO plugin v16.8 - https:\/\/yoast.com\/wordpress\/plugins\/seo\/ -->\n<meta name=\"robots\" content=\"index, follow, max-snippet:-1, max-image-preview:large, max-video-preview:-1\" \/>\n<link rel=\"canonical\" href=\"https:\/\/www.gsbg.gr\/de\/das-unternehmen\/sozialer-beitrag\/\" \/>\n<meta property=\"og:locale\" content=\"de_DE\" \/>\n<meta property=\"og:type\" content=\"article\" \/>\n<meta property=\"og:title\" content=\"Sozialer Beitrag - GSBG\" \/>\n<meta property=\"og:description\" content=\"Unternehmertum bedeutet, Verantwortung zu \u00fcbernehmen und der Gesellschaft und der Umwelt etwas zur\u00fcckzugeben. Deshalb haben wir uns bei der Global Synergy Buying Group vom ersten Tag an verpflichtet, kontinuierlich umweltfreundliche Gesch\u00e4ftspraktiken umzusetzen. Das Gleiche fordern wir von unserem Partnernetz, um die Umwelt zu sch\u00fctzen und unserer sozialen Verantwortung gegen\u00fcber k\u00fcnftigen Generationen gerecht zu werden. Bei [&hellip;]\" \/>\n<meta property=\"og:url\" content=\"https:\/\/www.gsbg.gr\/de\/das-unternehmen\/sozialer-beitrag\/\" \/>\n<meta property=\"og:site_name\" content=\"GSBG\" \/>\n<meta property=\"article:modified_time\" content=\"2022-02-14T14:28:51+00:00\" \/>\n<meta name=\"twitter:card\" content=\"summary_large_image\" \/>\n<script type=\"application\/ld+json\" class=\"yoast-schema-graph\">{\"@context\":\"https:\/\/schema.org\",\"@graph\":[{\"@type\":\"WebSite\",\"@id\":\"https:\/\/www.gsbg.gr\/#website\",\"url\":\"https:\/\/www.gsbg.gr\/\",\"name\":\"GSBG\",\"description\":\"Global Synergy Buying Group MONOPROSOPI S.A.\",\"potentialAction\":[{\"@type\":\"SearchAction\",\"target\":{\"@type\":\"EntryPoint\",\"urlTemplate\":\"https:\/\/www.gsbg.gr\/?s={search_term_string}\"},\"query-input\":\"required name=search_term_string\"}],\"inLanguage\":\"de-DE\"},{\"@type\":\"WebPage\",\"@id\":\"https:\/\/www.gsbg.gr\/de\/das-unternehmen\/sozialer-beitrag\/#webpage\",\"url\":\"https:\/\/www.gsbg.gr\/de\/das-unternehmen\/sozialer-beitrag\/\",\"name\":\"Sozialer Beitrag - GSBG\",\"isPartOf\":{\"@id\":\"https:\/\/www.gsbg.gr\/#website\"},\"datePublished\":\"2022-02-14T13:21:22+00:00\",\"dateModified\":\"2022-02-14T14:28:51+00:00\",\"breadcrumb\":{\"@id\":\"https:\/\/www.gsbg.gr\/de\/das-unternehmen\/sozialer-beitrag\/#breadcrumb\"},\"inLanguage\":\"de-DE\",\"potentialAction\":[{\"@type\":\"ReadAction\",\"target\":[\"https:\/\/www.gsbg.gr\/de\/das-unternehmen\/sozialer-beitrag\/\"]}]},{\"@type\":\"BreadcrumbList\",\"@id\":\"https:\/\/www.gsbg.gr\/de\/das-unternehmen\/sozialer-beitrag\/#breadcrumb\",\"itemListElement\":[{\"@type\":\"ListItem\",\"position\":1,\"name\":\"Home\",\"item\":\"https:\/\/www.gsbg.gr\/de\/\"},{\"@type\":\"ListItem\",\"position\":2,\"name\":\"Das Unternehmen\",\"item\":\"https:\/\/www.gsbg.gr\/de\/das-unternehmen\/\"},{\"@type\":\"ListItem\",\"position\":3,\"name\":\"Sozialer Beitrag\"}]}]}<\/script>\n<!-- \/ Yoast SEO plugin. -->","yoast_head_json":{"robots":{"index":"index","follow":"follow","max-snippet":"max-snippet:-1","max-image-preview":"max-image-preview:large","max-video-preview":"max-video-preview:-1"},"canonical":"https:\/\/www.gsbg.gr\/de\/das-unternehmen\/sozialer-beitrag\/","og_locale":"de_DE","og_type":"article","og_title":"Sozialer Beitrag - GSBG","og_description":"Unternehmertum bedeutet, Verantwortung zu \u00fcbernehmen und der Gesellschaft und der Umwelt etwas zur\u00fcckzugeben. Deshalb haben wir uns bei der Global Synergy Buying Group vom ersten Tag an verpflichtet, kontinuierlich umweltfreundliche Gesch\u00e4ftspraktiken umzusetzen. Das Gleiche fordern wir von unserem Partnernetz, um die Umwelt zu sch\u00fctzen und unserer sozialen Verantwortung gegen\u00fcber k\u00fcnftigen Generationen gerecht zu werden. Bei [&hellip;]","og_url":"https:\/\/www.gsbg.gr\/de\/das-unternehmen\/sozialer-beitrag\/","og_site_name":"GSBG","article_modified_time":"2022-02-14T14:28:51+00:00","twitter_card":"summary_large_image","schema":{"@context":"https:\/\/schema.org","@graph":[{"@type":"WebSite","@id":"https:\/\/www.gsbg.gr\/#website","url":"https:\/\/www.gsbg.gr\/","name":"GSBG","description":"Global Synergy Buying Group MONOPROSOPI S.A.","potentialAction":[{"@type":"SearchAction","target":{"@type":"EntryPoint","urlTemplate":"https:\/\/www.gsbg.gr\/?s={search_term_string}"},"query-input":"required name=search_term_string"}],"inLanguage":"de-DE"},{"@type":"WebPage","@id":"https:\/\/www.gsbg.gr\/de\/das-unternehmen\/sozialer-beitrag\/#webpage","url":"https:\/\/www.gsbg.gr\/de\/das-unternehmen\/sozialer-beitrag\/","name":"Sozialer Beitrag - GSBG","isPartOf":{"@id":"https:\/\/www.gsbg.gr\/#website"},"datePublished":"2022-02-14T13:21:22+00:00","dateModified":"2022-02-14T14:28:51+00:00","breadcrumb":{"@id":"https:\/\/www.gsbg.gr\/de\/das-unternehmen\/sozialer-beitrag\/#breadcrumb"},"inLanguage":"de-DE","potentialAction":[{"@type":"ReadAction","target":["https:\/\/www.gsbg.gr\/de\/das-unternehmen\/sozialer-beitrag\/"]}]},{"@type":"BreadcrumbList","@id":"https:\/\/www.gsbg.gr\/de\/das-unternehmen\/sozialer-beitrag\/#breadcrumb","itemListElement":[{"@type":"ListItem","position":1,"name":"Home","item":"https:\/\/www.gsbg.gr\/de\/"},{"@type":"ListItem","position":2,"name":"Das Unternehmen","item":"https:\/\/www.gsbg.gr\/de\/das-unternehmen\/"},{"@type":"ListItem","position":3,"name":"Sozialer Beitrag"}]}]}},"_links":{"self":[{"href":"https:\/\/www.gsbg.gr\/de\/wp-json\/wp\/v2\/pages\/15619"}],"collection":[{"href":"https:\/\/www.gsbg.gr\/de\/wp-json\/wp\/v2\/pages"}],"about":[{"href":"https:\/\/www.gsbg.gr\/de\/wp-json\/wp\/v2\/types\/page"}],"author":[{"embeddable":true,"href":"https:\/\/www.gsbg.gr\/de\/wp-json\/wp\/v2\/users\/1"}],"replies":[{"embeddable":true,"href":"https:\/\/www.gsbg.gr\/de\/wp-json\/wp\/v2\/comments?post=15619"}],"version-history":[{"count":3,"href":"https:\/\/www.gsbg.gr\/de\/wp-json\/wp\/v2\/pages\/15619\/revisions"}],"predecessor-version":[{"id":15631,"href":"https:\/\/www.gsbg.gr\/de\/wp-json\/wp\/v2\/pages\/15619\/revisions\/15631"}],"up":[{"embeddable":true,"href":"https:\/\/www.gsbg.gr\/de\/wp-json\/wp\/v2\/pages\/15579"}],"wp:attachment":[{"href":"https:\/\/www.gsbg.gr\/de\/wp-json\/wp\/v2\/media?parent=15619"}],"curies":[{"name":"wp","href":"https:\/\/api.w.org\/{rel}","templated":true}]}}