{"id":15582,"date":"2022-02-14T10:58:45","date_gmt":"2022-02-14T10:58:45","guid":{"rendered":"https:\/\/www.gsbg.gr\/das-unternehmen\/ueber-uns\/"},"modified":"2025-09-03T10:37:38","modified_gmt":"2025-09-03T10:37:38","slug":"ueber-uns","status":"publish","type":"page","link":"https:\/\/www.gsbg.gr\/de\/das-unternehmen\/ueber-uns\/","title":{"rendered":"\u00dcber uns"},"content":{"rendered":"\n<p>Die G.S.B.G. MONOPROSOPI S.A. (GSBG) mit Sitz in Thessaloniki wurde im Oktober 2011 mit dem Ziel und der Ambition gegr\u00fcndet, mit modernen Mitteln und integrierten Tools perfekt auf das dynamische Wachstum zu reagieren, das der Sektor der Eigenmarkenprodukte gezeigt hat und weiterhin zeigt. In weniger als 10 Jahren ist es dem Unternehmen gelungen, das gr\u00f6\u00dfte spezialisierte Eigenmarkenunternehmen in Griechenland zu werden, das Produkte f\u00fcr gro\u00dfe Unternehmen herstellt.<\/p>\n\n\n\n<p>Ihr Hauptziel ist die Erstellung und Vermarktung von hochwertigen Konsumg\u00fctern mit Mehrwert (FMCG), sowohl unter eigener Marke als auch unter Handelsmarken. Das Unternehmen ist insbesondere in der Entwicklung von:<\/p>\n\n\n\n<div class=\"wp-block-columns four-cols is-layout-flex wp-container-core-columns-is-layout-3 wp-block-columns-is-layout-flex\">\n<div class=\"wp-block-column is-layout-flow wp-block-column-is-layout-flow\">\n<div class=\"wp-block-columns is-layout-flex wp-container-core-columns-is-layout-1 wp-block-columns-is-layout-flex\">\n<div class=\"wp-block-column is-layout-flow wp-block-column-is-layout-flow\">\r\n<div id=\"textBlock-block_60f934da3a704\" class=\"h-100 acf-text-block  textBlock text-center\">\r\n            <div class=\"textblock-icon\"><img decoding=\"async\" class=\"img-fluid\" src=\"https:\/\/www.gsbg.gr\/wp-content\/uploads\/2021\/07\/Group_17558.svg\"\/><\/div>\r\n                        <div class=\"text mt-4\">Lebensmittel (Nudeln, Cerealien, Geb\u00e4ck, Teigwaren, Eiscreme usw.)<\/div>\r\n    <\/div><\/div>\n\n\n\n<div class=\"wp-block-column is-layout-flow wp-block-column-is-layout-flow\">\r\n<div id=\"textBlock-block_60f934fa3a705\" class=\"h-100 acf-text-block  textBlock text-center\">\r\n            <div class=\"textblock-icon\"><img decoding=\"async\" class=\"img-fluid\" src=\"https:\/\/www.gsbg.gr\/wp-content\/uploads\/2021\/07\/Group_17557.svg\"\/><\/div>\r\n                        <div class=\"text mt-4\">Hygiene- und Pflegeprodukte<\/div>\r\n    <\/div><\/div>\n<\/div>\n<\/div>\n\n\n\n<div class=\"wp-block-column is-layout-flow wp-block-column-is-layout-flow\">\n<div class=\"wp-block-columns is-layout-flex wp-container-core-columns-is-layout-2 wp-block-columns-is-layout-flex\">\n<div class=\"wp-block-column is-layout-flow wp-block-column-is-layout-flow\">\r\n<div id=\"textBlock-block_60f9350f3a706\" class=\"h-100 acf-text-block  textBlock text-center\">\r\n            <div class=\"textblock-icon\"><img decoding=\"async\" class=\"img-fluid\" src=\"https:\/\/www.gsbg.gr\/wp-content\/uploads\/2021\/07\/Group_17556.svg\"\/><\/div>\r\n                        <div class=\"text mt-4\">Haushaltsartikel f\u00fcr den t\u00e4glichen Bedarf<\/div>\r\n    <\/div>\n\n\n<p><\/p>\n<\/div>\n\n\n\n<div class=\"wp-block-column is-layout-flow wp-block-column-is-layout-flow\">\r\n<div id=\"textBlock-block_60f9351c3a707\" class=\"h-100 acf-text-block  textBlock text-center\">\r\n            <div class=\"textblock-icon\"><img decoding=\"async\" class=\"img-fluid\" src=\"https:\/\/www.gsbg.gr\/wp-content\/uploads\/2021\/07\/Group_17559.svg\"\/><\/div>\r\n                        <div class=\"text mt-4\">Konsumg\u00fcter &#8211; Non-Food-Produkte<\/div>\r\n    <\/div>\n\n\n<p><\/p>\n<\/div>\n<\/div>\n<\/div>\n<\/div>\n\n\n\n<p>Unser Ziel ist es, effektive Partnerschaften zu schaffen und zu entwickeln und umfassende Dienstleistungen anzubieten, die zu einer h\u00f6heren Rentabilit\u00e4t unserer Kunden f\u00fchren.<\/p>\n\n\n\n<p>Mit ihren gut ausgebildeten und erfahrenen Mitarbeitern kann die GSBG ihren Kunden eine gro\u00dfe Auswahl an zertifizierten Produkten zu hervorragenden Preisen und eine Reihe moderner und spezialisierter Dienstleistungen anbieten, die von der Marktforschung bis zum p\u00fcnktlichen und sicheren Transport der Produkte an jeden Ort in Griechenland und in viele andere L\u00e4nder reichen.<\/p>\n\n\n\n<p>Die GSBG agiert aufgrund ihres breiten Leistungsspektrums als K\u00e4ufer, Lieferant und Berater, da sie \u00fcber spezialisierte Abteilungen wie Einkauf, Verkauf, B2B, Marketing und Logistik verf\u00fcgt. Jeder der T\u00e4tigkeitsbereiche des Unternehmens ist ein weiterer starker Punkt im Gesch\u00e4ftsplan und ein langfristiger Vorteil f\u00fcr seine Partner in Griechenland und im Ausland.<\/p>\n","protected":false},"excerpt":{"rendered":"<p>Die G.S.B.G. MONOPROSOPI S.A. (GSBG) mit Sitz in Thessaloniki wurde im Oktober 2011 mit dem Ziel und der Ambition gegr\u00fcndet, mit modernen Mitteln und integrierten Tools perfekt auf das dynamische Wachstum zu reagieren, das der Sektor der Eigenmarkenprodukte gezeigt hat und weiterhin zeigt. In weniger als 10 Jahren ist es dem Unternehmen gelungen, das gr\u00f6\u00dfte [&hellip;]<\/p>\n","protected":false},"author":1,"featured_media":0,"parent":15579,"menu_order":0,"comment_status":"closed","ping_status":"closed","template":"","meta":{"footnotes":""},"yoast_head":"<!-- This site is optimized with the Yoast SEO plugin v16.8 - https:\/\/yoast.com\/wordpress\/plugins\/seo\/ -->\n<meta name=\"robots\" content=\"index, follow, max-snippet:-1, max-image-preview:large, max-video-preview:-1\" \/>\n<link rel=\"canonical\" href=\"https:\/\/www.gsbg.gr\/de\/das-unternehmen\/ueber-uns\/\" \/>\n<meta property=\"og:locale\" content=\"de_DE\" \/>\n<meta property=\"og:type\" content=\"article\" \/>\n<meta property=\"og:title\" content=\"\u00dcber uns - GSBG\" \/>\n<meta property=\"og:description\" content=\"Die G.S.B.G. MONOPROSOPI S.A. (GSBG) mit Sitz in Thessaloniki wurde im Oktober 2011 mit dem Ziel und der Ambition gegr\u00fcndet, mit modernen Mitteln und integrierten Tools perfekt auf das dynamische Wachstum zu reagieren, das der Sektor der Eigenmarkenprodukte gezeigt hat und weiterhin zeigt. In weniger als 10 Jahren ist es dem Unternehmen gelungen, das gr\u00f6\u00dfte [&hellip;]\" \/>\n<meta property=\"og:url\" content=\"https:\/\/www.gsbg.gr\/de\/das-unternehmen\/ueber-uns\/\" \/>\n<meta property=\"og:site_name\" content=\"GSBG\" \/>\n<meta property=\"article:modified_time\" content=\"2025-09-03T10:37:38+00:00\" \/>\n<meta name=\"twitter:card\" content=\"summary_large_image\" \/>\n<meta name=\"twitter:label1\" content=\"Est. reading time\" \/>\n\t<meta name=\"twitter:data1\" content=\"1 minute\" \/>\n<script type=\"application\/ld+json\" class=\"yoast-schema-graph\">{\"@context\":\"https:\/\/schema.org\",\"@graph\":[{\"@type\":\"WebSite\",\"@id\":\"https:\/\/www.gsbg.gr\/#website\",\"url\":\"https:\/\/www.gsbg.gr\/\",\"name\":\"GSBG\",\"description\":\"Global Synergy Buying Group MONOPROSOPI S.A.\",\"potentialAction\":[{\"@type\":\"SearchAction\",\"target\":{\"@type\":\"EntryPoint\",\"urlTemplate\":\"https:\/\/www.gsbg.gr\/?s={search_term_string}\"},\"query-input\":\"required name=search_term_string\"}],\"inLanguage\":\"de-DE\"},{\"@type\":\"WebPage\",\"@id\":\"https:\/\/www.gsbg.gr\/de\/das-unternehmen\/ueber-uns\/#webpage\",\"url\":\"https:\/\/www.gsbg.gr\/de\/das-unternehmen\/ueber-uns\/\",\"name\":\"\\u00dcber uns - GSBG\",\"isPartOf\":{\"@id\":\"https:\/\/www.gsbg.gr\/#website\"},\"datePublished\":\"2022-02-14T10:58:45+00:00\",\"dateModified\":\"2025-09-03T10:37:38+00:00\",\"breadcrumb\":{\"@id\":\"https:\/\/www.gsbg.gr\/de\/das-unternehmen\/ueber-uns\/#breadcrumb\"},\"inLanguage\":\"de-DE\",\"potentialAction\":[{\"@type\":\"ReadAction\",\"target\":[\"https:\/\/www.gsbg.gr\/de\/das-unternehmen\/ueber-uns\/\"]}]},{\"@type\":\"BreadcrumbList\",\"@id\":\"https:\/\/www.gsbg.gr\/de\/das-unternehmen\/ueber-uns\/#breadcrumb\",\"itemListElement\":[{\"@type\":\"ListItem\",\"position\":1,\"name\":\"Home\",\"item\":\"https:\/\/www.gsbg.gr\/de\/\"},{\"@type\":\"ListItem\",\"position\":2,\"name\":\"Das Unternehmen\",\"item\":\"https:\/\/www.gsbg.gr\/de\/das-unternehmen\/\"},{\"@type\":\"ListItem\",\"position\":3,\"name\":\"\\u00dcber uns\"}]}]}<\/script>\n<!-- \/ Yoast SEO plugin. -->","yoast_head_json":{"robots":{"index":"index","follow":"follow","max-snippet":"max-snippet:-1","max-image-preview":"max-image-preview:large","max-video-preview":"max-video-preview:-1"},"canonical":"https:\/\/www.gsbg.gr\/de\/das-unternehmen\/ueber-uns\/","og_locale":"de_DE","og_type":"article","og_title":"\u00dcber uns - GSBG","og_description":"Die G.S.B.G. MONOPROSOPI S.A. (GSBG) mit Sitz in Thessaloniki wurde im Oktober 2011 mit dem Ziel und der Ambition gegr\u00fcndet, mit modernen Mitteln und integrierten Tools perfekt auf das dynamische Wachstum zu reagieren, das der Sektor der Eigenmarkenprodukte gezeigt hat und weiterhin zeigt. In weniger als 10 Jahren ist es dem Unternehmen gelungen, das gr\u00f6\u00dfte [&hellip;]","og_url":"https:\/\/www.gsbg.gr\/de\/das-unternehmen\/ueber-uns\/","og_site_name":"GSBG","article_modified_time":"2025-09-03T10:37:38+00:00","twitter_card":"summary_large_image","twitter_misc":{"Est. reading time":"1 minute"},"schema":{"@context":"https:\/\/schema.org","@graph":[{"@type":"WebSite","@id":"https:\/\/www.gsbg.gr\/#website","url":"https:\/\/www.gsbg.gr\/","name":"GSBG","description":"Global Synergy Buying Group MONOPROSOPI S.A.","potentialAction":[{"@type":"SearchAction","target":{"@type":"EntryPoint","urlTemplate":"https:\/\/www.gsbg.gr\/?s={search_term_string}"},"query-input":"required name=search_term_string"}],"inLanguage":"de-DE"},{"@type":"WebPage","@id":"https:\/\/www.gsbg.gr\/de\/das-unternehmen\/ueber-uns\/#webpage","url":"https:\/\/www.gsbg.gr\/de\/das-unternehmen\/ueber-uns\/","name":"\u00dcber uns - GSBG","isPartOf":{"@id":"https:\/\/www.gsbg.gr\/#website"},"datePublished":"2022-02-14T10:58:45+00:00","dateModified":"2025-09-03T10:37:38+00:00","breadcrumb":{"@id":"https:\/\/www.gsbg.gr\/de\/das-unternehmen\/ueber-uns\/#breadcrumb"},"inLanguage":"de-DE","potentialAction":[{"@type":"ReadAction","target":["https:\/\/www.gsbg.gr\/de\/das-unternehmen\/ueber-uns\/"]}]},{"@type":"BreadcrumbList","@id":"https:\/\/www.gsbg.gr\/de\/das-unternehmen\/ueber-uns\/#breadcrumb","itemListElement":[{"@type":"ListItem","position":1,"name":"Home","item":"https:\/\/www.gsbg.gr\/de\/"},{"@type":"ListItem","position":2,"name":"Das Unternehmen","item":"https:\/\/www.gsbg.gr\/de\/das-unternehmen\/"},{"@type":"ListItem","position":3,"name":"\u00dcber uns"}]}]}},"_links":{"self":[{"href":"https:\/\/www.gsbg.gr\/de\/wp-json\/wp\/v2\/pages\/15582"}],"collection":[{"href":"https:\/\/www.gsbg.gr\/de\/wp-json\/wp\/v2\/pages"}],"about":[{"href":"https:\/\/www.gsbg.gr\/de\/wp-json\/wp\/v2\/types\/page"}],"author":[{"embeddable":true,"href":"https:\/\/www.gsbg.gr\/de\/wp-json\/wp\/v2\/users\/1"}],"replies":[{"embeddable":true,"href":"https:\/\/www.gsbg.gr\/de\/wp-json\/wp\/v2\/comments?post=15582"}],"version-history":[{"count":7,"href":"https:\/\/www.gsbg.gr\/de\/wp-json\/wp\/v2\/pages\/15582\/revisions"}],"predecessor-version":[{"id":24531,"href":"https:\/\/www.gsbg.gr\/de\/wp-json\/wp\/v2\/pages\/15582\/revisions\/24531"}],"up":[{"embeddable":true,"href":"https:\/\/www.gsbg.gr\/de\/wp-json\/wp\/v2\/pages\/15579"}],"wp:attachment":[{"href":"https:\/\/www.gsbg.gr\/de\/wp-json\/wp\/v2\/media?parent=15582"}],"curies":[{"name":"wp","href":"https:\/\/api.w.org\/{rel}","templated":true}]}}